{"id":129509,"date":"2025-07-15T12:37:07","date_gmt":"2025-07-15T10:37:07","guid":{"rendered":"https:\/\/www.fu1838.org\/?page_id=129509"},"modified":"2025-07-15T12:56:40","modified_gmt":"2025-07-15T10:56:40","slug":"uriach-friends","status":"publish","type":"page","link":"https:\/\/www.fu1838.org\/ca\/uriach-friends\/","title":{"rendered":"Uriach Friends"},"content":{"rendered":"\n<div class=\"wp-block-cover alignfull is-light uriach-header-block-cover\" style=\"padding-top:0;padding-right:0;padding-bottom:0;padding-left:0\"><img loading=\"lazy\" decoding=\"async\" width=\"1400\" height=\"440\" class=\"wp-block-cover__image-background wp-image-108478 size-full\" alt=\"\" src=\"https:\/\/www.fu1838.org\/wp-content\/uploads\/2025\/07\/header_uriach_friends_OK-3.jpg\" style=\"object-position:48% 0%\" data-object-fit=\"cover\" data-object-position=\"48% 0%\" srcset=\"https:\/\/www.fu1838.org\/wp-content\/uploads\/2025\/07\/header_uriach_friends_OK-3.jpg 1400w, https:\/\/www.fu1838.org\/wp-content\/uploads\/2025\/07\/header_uriach_friends_OK-3-300x94.jpg 300w, https:\/\/www.fu1838.org\/wp-content\/uploads\/2025\/07\/header_uriach_friends_OK-3-1024x322.jpg 1024w, https:\/\/www.fu1838.org\/wp-content\/uploads\/2025\/07\/header_uriach_friends_OK-3-768x241.jpg 768w\" sizes=\"auto, (max-width: 1400px) 100vw, 1400px\" \/><span aria-hidden=\"true\" class=\"wp-block-cover__background has-background-dim-0 has-background-dim\" style=\"background-color:#5d819e\"><\/span><div class=\"wp-block-cover__inner-container has-global-padding is-layout-constrained wp-container-core-cover-is-layout-c06d165c wp-block-cover-is-layout-constrained\">\n<div class=\"wp-block-columns alignfull is-layout-flex wp-container-core-columns-is-layout-28f84493 wp-block-columns-is-layout-flex\">\n<div class=\"wp-block-column has-base-2-color has-text-color has-background has-link-color wp-elements-1280fc1c52b0b958359e59e403221209 is-layout-flow wp-block-column-is-layout-flow\" style=\"background-color:#005ce5cc;padding-top:var(--wp--preset--spacing--40);padding-right:var(--wp--preset--spacing--20);padding-bottom:var(--wp--preset--spacing--40)\">\n<div class=\"wp-block-group uriach-header-block-cover-content has-global-padding is-layout-constrained wp-block-group-is-layout-constrained\">\n<h1 class=\"wp-block-heading\"><strong>Uriach Friends<\/strong><\/h1>\n\n\n\n<p class=\"has-text-align-left\">Un espai de retrobament i uni\u00f3, creat per la Fundaci\u00f3 Uriach, on els que han format part d&#8217;Uriach poden continuar sentint-se&#8217;n part i tamb\u00e9 de la seva hist\u00f2ria.<\/p>\n\n\n\n<p class=\"has-text-align-left\">Perqu\u00e8 la companyia no seria el que \u00e9s avui sense l&#8217;esfor\u00e7 i el comprom\u00eds dels qui, en diferents etapes i contextos, van contribuir a construir el seu llegat.<\/p>\n<\/div>\n<\/div>\n\n\n\n<div class=\"wp-block-column is-layout-flow wp-block-column-is-layout-flow\"><\/div>\n<\/div>\n<\/div><\/div>\n\n<div class=\"wp-block-group alignwide has-base-2-color has-text-color has-background has-link-color wp-elements-a005cda76daadd45d2ed83455067f72e is-layout-flow wp-block-group-is-layout-flow\" style=\"border-top-right-radius:100px;background-color:#005ce5cc;margin-top:var(--wp--preset--spacing--40);margin-bottom:var(--wp--preset--spacing--40);padding-top:var(--wp--preset--spacing--40);padding-right:var(--wp--preset--spacing--40);padding-bottom:var(--wp--preset--spacing--40);padding-left:var(--wp--preset--spacing--40)\">\n<p>Uriach Friends t\u00e9 com a objectiu reunir antics col\u00b7laboradors de la companyia Uriach per compartir experi\u00e8ncies, celebrar \u00e8xits comuns i crear nous records. En un m\u00f3n tan canviant i globalitzat, iniciatives com aquesta es converteixen en espais de pausa, on reflexionar sobre el passat ens ajuda a continuar construint el futur.<\/p>\n\n\n\n<p><strong>Uriach Friends<\/strong> (2025)<\/p>\n\n\n\n<p>La primera edici\u00f3 es va celebrar el 26 de juny del 2025 al Palau Dalmases de Barcelona, que va ser seu de la companyia del 1872 al 1918, i va ser un retrobament ple d&#8217;alegria i emoci\u00f3, que exemplifica un dels valors m\u00e9s importants d&#8217;Uriach: les persones s\u00f3n el m\u00e9s important.<\/p>\n\n\n\n<p>Per a aquesta sessi\u00f3 inaugural vam reunir un grup redu\u00eft d&#8217;assistents, cosa que ens va permetre extreure un aprenentatge valu\u00f3s. En futures convocat\u00f2ries ampliarem la invitaci\u00f3 a un nombre m\u00e9s gran d&#8217;amics, els quals enriquiran l&#8217;esdeveniment amb noves perspectives, mem\u00f2ries i sinergies.<\/p>\n<\/div>\n\n<figure class=\"wp-block-embed alignwide is-type-video is-provider-vimeo wp-block-embed-vimeo wp-embed-aspect-16-9 wp-has-aspect-ratio\"><div class=\"wp-block-embed__wrapper\">\r\n<iframe loading=\"lazy\" title=\"Uriach Friends (2025)\" src=\"https:\/\/player.vimeo.com\/video\/1100235377?dnt=1&amp;app_id=122963\" width=\"500\" height=\"281\" frameborder=\"0\" allow=\"autoplay; fullscreen; picture-in-picture; clipboard-write; encrypted-media; web-share\"><\/iframe>\r\n<\/div><\/figure>\r\n\n<div class=\"wp-block-group alignwide is-layout-flow wp-block-group-is-layout-flow\" style=\"margin-bottom:var(--wp--preset--spacing--40)\">\n<div class=\"wp-block-columns is-layout-flex wp-container-core-columns-is-layout-28f84493 wp-block-columns-is-layout-flex\">\n<div class=\"wp-block-column is-layout-flow wp-block-column-is-layout-flow\" style=\"flex-basis:74.99%\">\n<figure class=\"wp-block-image size-large\"><img loading=\"lazy\" decoding=\"async\" width=\"1024\" height=\"768\" src=\"https:\/\/www.fu1838.org\/wp-content\/uploads\/2025\/07\/IMG_20250626_195618-1024x768.jpg\" alt=\"\" class=\"wp-image-107679\" srcset=\"https:\/\/www.fu1838.org\/wp-content\/uploads\/2025\/07\/IMG_20250626_195618-1024x768.jpg 1024w, https:\/\/www.fu1838.org\/wp-content\/uploads\/2025\/07\/IMG_20250626_195618-300x225.jpg 300w, https:\/\/www.fu1838.org\/wp-content\/uploads\/2025\/07\/IMG_20250626_195618-768x576.jpg 768w, https:\/\/www.fu1838.org\/wp-content\/uploads\/2025\/07\/IMG_20250626_195618-1536x1152.jpg 1536w, https:\/\/www.fu1838.org\/wp-content\/uploads\/2025\/07\/IMG_20250626_195618-2048x1536.jpg 2048w\" sizes=\"auto, (max-width: 1024px) 100vw, 1024px\" \/><\/figure>\n<\/div>\n\n\n\n<div class=\"wp-block-column is-layout-flow wp-block-column-is-layout-flow\" style=\"flex-basis:25%\">\n<figure class=\"wp-block-image size-large has-custom-border\" style=\"margin-bottom:var(--wp--preset--spacing--40)\"><img loading=\"lazy\" decoding=\"async\" width=\"1024\" height=\"768\" src=\"https:\/\/www.fu1838.org\/wp-content\/uploads\/2025\/07\/P1155017-1024x768.jpg\" alt=\"\" class=\"wp-image-107692\" style=\"border-top-right-radius:50px;border-bottom-left-radius:50px;border-top-style:none;border-top-width:0px;aspect-ratio:1;object-fit:cover\" srcset=\"https:\/\/www.fu1838.org\/wp-content\/uploads\/2025\/07\/P1155017-1024x768.jpg 1024w, https:\/\/www.fu1838.org\/wp-content\/uploads\/2025\/07\/P1155017-300x225.jpg 300w, https:\/\/www.fu1838.org\/wp-content\/uploads\/2025\/07\/P1155017-768x576.jpg 768w, https:\/\/www.fu1838.org\/wp-content\/uploads\/2025\/07\/P1155017-1536x1152.jpg 1536w, https:\/\/www.fu1838.org\/wp-content\/uploads\/2025\/07\/P1155017-2048x1536.jpg 2048w\" sizes=\"auto, (max-width: 1024px) 100vw, 1024px\" \/><\/figure>\n\n\n\n<figure class=\"wp-block-image size-large has-custom-border\"><img loading=\"lazy\" decoding=\"async\" width=\"768\" height=\"1024\" src=\"https:\/\/www.fu1838.org\/wp-content\/uploads\/2025\/07\/IMG_20250626_164430-768x1024.jpg\" alt=\"\" class=\"wp-image-107689\" style=\"border-top-right-radius:50px;border-bottom-left-radius:50px;aspect-ratio:1;object-fit:cover\" srcset=\"https:\/\/www.fu1838.org\/wp-content\/uploads\/2025\/07\/IMG_20250626_164430-768x1024.jpg 768w, https:\/\/www.fu1838.org\/wp-content\/uploads\/2025\/07\/IMG_20250626_164430-225x300.jpg 225w, https:\/\/www.fu1838.org\/wp-content\/uploads\/2025\/07\/IMG_20250626_164430-1152x1536.jpg 1152w, https:\/\/www.fu1838.org\/wp-content\/uploads\/2025\/07\/IMG_20250626_164430-1536x2048.jpg 1536w, https:\/\/www.fu1838.org\/wp-content\/uploads\/2025\/07\/IMG_20250626_164430-scaled.jpg 1920w\" sizes=\"auto, (max-width: 768px) 100vw, 768px\" \/><\/figure>\n<\/div>\n<\/div>\n<\/div>\n","protected":false},"excerpt":{"rendered":"<p>Uriach Friends t\u00e9 com a objectiu reunir antics col\u00b7laboradors de la companyia Uriach per compartir experi\u00e8ncies, celebrar \u00e8xits comuns i crear nous records. En un m\u00f3n tan canviant i globalitzat, iniciatives com aquesta es converteixen en espais de pausa, on reflexionar sobre el passat ens ajuda a continuar construint el futur. Uriach Friends (2025) La [&hellip;]<\/p>\n","protected":false},"author":4,"featured_media":0,"parent":0,"menu_order":0,"comment_status":"closed","ping_status":"closed","template":"","meta":{"_acf_changed":false,"footnotes":""},"class_list":["post-129509","page","type-page","status-publish","hentry"],"acf":[],"yoast_head":"<!-- This site is optimized with the Yoast SEO plugin v24.1 - https:\/\/yoast.com\/wordpress\/plugins\/seo\/ -->\n<title>Uriach Friends - Fundaci\u00f3n Uriach<\/title>\n<meta name=\"robots\" content=\"index, follow, max-snippet:-1, max-image-preview:large, max-video-preview:-1\" \/>\n<link rel=\"canonical\" href=\"https:\/\/www.fu1838.org\/ca\/uriach-friends\/\" \/>\n<meta property=\"og:locale\" content=\"ca_ES\" \/>\n<meta property=\"og:type\" content=\"article\" \/>\n<meta property=\"og:title\" content=\"Uriach Friends - Fundaci\u00f3n Uriach\" \/>\n<meta property=\"og:description\" content=\"Uriach Friends t\u00e9 com a objectiu reunir antics col\u00b7laboradors de la companyia Uriach per compartir experi\u00e8ncies, celebrar \u00e8xits comuns i crear nous records. En un m\u00f3n tan canviant i globalitzat, iniciatives com aquesta es converteixen en espais de pausa, on reflexionar sobre el passat ens ajuda a continuar construint el futur. Uriach Friends (2025) La [&hellip;]\" \/>\n<meta property=\"og:url\" content=\"https:\/\/www.fu1838.org\/ca\/uriach-friends\/\" \/>\n<meta property=\"og:site_name\" content=\"Fundaci\u00f3n Uriach\" \/>\n<meta property=\"article:modified_time\" content=\"2025-07-15T10:56:40+00:00\" \/>\n<meta property=\"og:image\" content=\"https:\/\/www.fu1838.org\/wp-content\/uploads\/2025\/07\/header_uriach_friends_OK-3.jpg\" \/>\n\t<meta property=\"og:image:width\" content=\"1400\" \/>\n\t<meta property=\"og:image:height\" content=\"440\" \/>\n\t<meta property=\"og:image:type\" content=\"image\/jpeg\" \/>\n<meta name=\"twitter:card\" content=\"summary_large_image\" \/>\n<meta name=\"twitter:label1\" content=\"Temps estimat de lectura\" \/>\n\t<meta name=\"twitter:data1\" content=\"1 minut\" \/>\n<script type=\"application\/ld+json\" class=\"yoast-schema-graph\">{\"@context\":\"https:\/\/schema.org\",\"@graph\":[{\"@type\":\"WebPage\",\"@id\":\"https:\/\/www.fu1838.org\/ca\/uriach-friends\/\",\"url\":\"https:\/\/www.fu1838.org\/ca\/uriach-friends\/\",\"name\":\"Uriach Friends - Fundaci\u00f3n Uriach\",\"isPartOf\":{\"@id\":\"https:\/\/www.fu1838.org\/ca\/#website\"},\"primaryImageOfPage\":{\"@id\":\"https:\/\/www.fu1838.org\/ca\/uriach-friends\/#primaryimage\"},\"image\":{\"@id\":\"https:\/\/www.fu1838.org\/ca\/uriach-friends\/#primaryimage\"},\"thumbnailUrl\":\"https:\/\/www.fu1838.org\/wp-content\/uploads\/2025\/07\/header_uriach_friends_OK-3.jpg\",\"datePublished\":\"2025-07-15T10:37:07+00:00\",\"dateModified\":\"2025-07-15T10:56:40+00:00\",\"breadcrumb\":{\"@id\":\"https:\/\/www.fu1838.org\/ca\/uriach-friends\/#breadcrumb\"},\"inLanguage\":\"ca\",\"potentialAction\":[{\"@type\":\"ReadAction\",\"target\":[\"https:\/\/www.fu1838.org\/ca\/uriach-friends\/\"]}]},{\"@type\":\"ImageObject\",\"inLanguage\":\"ca\",\"@id\":\"https:\/\/www.fu1838.org\/ca\/uriach-friends\/#primaryimage\",\"url\":\"https:\/\/www.fu1838.org\/wp-content\/uploads\/2025\/07\/header_uriach_friends_OK-3.jpg\",\"contentUrl\":\"https:\/\/www.fu1838.org\/wp-content\/uploads\/2025\/07\/header_uriach_friends_OK-3.jpg\"},{\"@type\":\"BreadcrumbList\",\"@id\":\"https:\/\/www.fu1838.org\/ca\/uriach-friends\/#breadcrumb\",\"itemListElement\":[{\"@type\":\"ListItem\",\"position\":1,\"name\":\"Portada\",\"item\":\"https:\/\/www.fu1838.org\/ca\/\"},{\"@type\":\"ListItem\",\"position\":2,\"name\":\"Uriach Friends\"}]},{\"@type\":\"WebSite\",\"@id\":\"https:\/\/www.fu1838.org\/ca\/#website\",\"url\":\"https:\/\/www.fu1838.org\/ca\/\",\"name\":\"Fundaci\u00f3n Uriach\",\"description\":\"\",\"potentialAction\":[{\"@type\":\"SearchAction\",\"target\":{\"@type\":\"EntryPoint\",\"urlTemplate\":\"https:\/\/www.fu1838.org\/ca\/?s={search_term_string}\"},\"query-input\":{\"@type\":\"PropertyValueSpecification\",\"valueRequired\":true,\"valueName\":\"search_term_string\"}}],\"inLanguage\":\"ca\"}]}<\/script>\n<!-- \/ Yoast SEO plugin. -->","yoast_head_json":{"title":"Uriach Friends - Fundaci\u00f3n Uriach","robots":{"index":"index","follow":"follow","max-snippet":"max-snippet:-1","max-image-preview":"max-image-preview:large","max-video-preview":"max-video-preview:-1"},"canonical":"https:\/\/www.fu1838.org\/ca\/uriach-friends\/","og_locale":"ca_ES","og_type":"article","og_title":"Uriach Friends - Fundaci\u00f3n Uriach","og_description":"Uriach Friends t\u00e9 com a objectiu reunir antics col\u00b7laboradors de la companyia Uriach per compartir experi\u00e8ncies, celebrar \u00e8xits comuns i crear nous records. En un m\u00f3n tan canviant i globalitzat, iniciatives com aquesta es converteixen en espais de pausa, on reflexionar sobre el passat ens ajuda a continuar construint el futur. Uriach Friends (2025) La [&hellip;]","og_url":"https:\/\/www.fu1838.org\/ca\/uriach-friends\/","og_site_name":"Fundaci\u00f3n Uriach","article_modified_time":"2025-07-15T10:56:40+00:00","og_image":[{"width":1400,"height":440,"url":"https:\/\/www.fu1838.org\/wp-content\/uploads\/2025\/07\/header_uriach_friends_OK-3.jpg","type":"image\/jpeg"}],"twitter_card":"summary_large_image","twitter_misc":{"Temps estimat de lectura":"1 minut"},"schema":{"@context":"https:\/\/schema.org","@graph":[{"@type":"WebPage","@id":"https:\/\/www.fu1838.org\/ca\/uriach-friends\/","url":"https:\/\/www.fu1838.org\/ca\/uriach-friends\/","name":"Uriach Friends - Fundaci\u00f3n Uriach","isPartOf":{"@id":"https:\/\/www.fu1838.org\/ca\/#website"},"primaryImageOfPage":{"@id":"https:\/\/www.fu1838.org\/ca\/uriach-friends\/#primaryimage"},"image":{"@id":"https:\/\/www.fu1838.org\/ca\/uriach-friends\/#primaryimage"},"thumbnailUrl":"https:\/\/www.fu1838.org\/wp-content\/uploads\/2025\/07\/header_uriach_friends_OK-3.jpg","datePublished":"2025-07-15T10:37:07+00:00","dateModified":"2025-07-15T10:56:40+00:00","breadcrumb":{"@id":"https:\/\/www.fu1838.org\/ca\/uriach-friends\/#breadcrumb"},"inLanguage":"ca","potentialAction":[{"@type":"ReadAction","target":["https:\/\/www.fu1838.org\/ca\/uriach-friends\/"]}]},{"@type":"ImageObject","inLanguage":"ca","@id":"https:\/\/www.fu1838.org\/ca\/uriach-friends\/#primaryimage","url":"https:\/\/www.fu1838.org\/wp-content\/uploads\/2025\/07\/header_uriach_friends_OK-3.jpg","contentUrl":"https:\/\/www.fu1838.org\/wp-content\/uploads\/2025\/07\/header_uriach_friends_OK-3.jpg"},{"@type":"BreadcrumbList","@id":"https:\/\/www.fu1838.org\/ca\/uriach-friends\/#breadcrumb","itemListElement":[{"@type":"ListItem","position":1,"name":"Portada","item":"https:\/\/www.fu1838.org\/ca\/"},{"@type":"ListItem","position":2,"name":"Uriach Friends"}]},{"@type":"WebSite","@id":"https:\/\/www.fu1838.org\/ca\/#website","url":"https:\/\/www.fu1838.org\/ca\/","name":"Fundaci\u00f3n Uriach","description":"","potentialAction":[{"@type":"SearchAction","target":{"@type":"EntryPoint","urlTemplate":"https:\/\/www.fu1838.org\/ca\/?s={search_term_string}"},"query-input":{"@type":"PropertyValueSpecification","valueRequired":true,"valueName":"search_term_string"}}],"inLanguage":"ca"}]}},"_links":{"self":[{"href":"https:\/\/www.fu1838.org\/ca\/wp-json\/wp\/v2\/pages\/129509","targetHints":{"allow":["GET"]}}],"collection":[{"href":"https:\/\/www.fu1838.org\/ca\/wp-json\/wp\/v2\/pages"}],"about":[{"href":"https:\/\/www.fu1838.org\/ca\/wp-json\/wp\/v2\/types\/page"}],"author":[{"embeddable":true,"href":"https:\/\/www.fu1838.org\/ca\/wp-json\/wp\/v2\/users\/4"}],"replies":[{"embeddable":true,"href":"https:\/\/www.fu1838.org\/ca\/wp-json\/wp\/v2\/comments?post=129509"}],"version-history":[{"count":2,"href":"https:\/\/www.fu1838.org\/ca\/wp-json\/wp\/v2\/pages\/129509\/revisions"}],"predecessor-version":[{"id":130338,"href":"https:\/\/www.fu1838.org\/ca\/wp-json\/wp\/v2\/pages\/129509\/revisions\/130338"}],"wp:attachment":[{"href":"https:\/\/www.fu1838.org\/ca\/wp-json\/wp\/v2\/media?parent=129509"}],"curies":[{"name":"wp","href":"https:\/\/api.w.org\/{rel}","templated":true}]}}