{"id":7031,"date":"2024-11-19T13:04:17","date_gmt":"2024-11-19T12:04:17","guid":{"rendered":"https:\/\/www.fu1838.org\/experiencia-virtual-uriach\/"},"modified":"2025-03-03T15:49:15","modified_gmt":"2025-03-03T14:49:15","slug":"experiencia-virtual-uriach","status":"publish","type":"page","link":"https:\/\/www.fu1838.org\/ca\/experiencia-virtual-uriach\/","title":{"rendered":"Experi\u00e8ncia Virtual Uriach"},"content":{"rendered":"\n<div class=\"wp-block-group alignfull has-global-padding is-layout-constrained wp-block-group-is-layout-constrained\">\n<div class=\"wp-block-cover alignfull is-light uriach-header-block-cover\" style=\"padding-top:0;padding-right:0;padding-bottom:0;padding-left:0\"><span aria-hidden=\"true\" class=\"wp-block-cover__background has-background-dim-0 has-background-dim\" style=\"background-color:#5d819e\"><\/span><img loading=\"lazy\" decoding=\"async\" width=\"1400\" height=\"440\" class=\"wp-block-cover__image-background wp-image-444\" alt=\"\" src=\"https:\/\/www.fu1838.org\/wp-content\/uploads\/2024\/11\/header-uriach-virtual-experience.jpg\" data-object-fit=\"cover\" srcset=\"https:\/\/www.fu1838.org\/wp-content\/uploads\/2024\/11\/header-uriach-virtual-experience.jpg 1400w, https:\/\/www.fu1838.org\/wp-content\/uploads\/2024\/11\/header-uriach-virtual-experience-300x94.jpg 300w, https:\/\/www.fu1838.org\/wp-content\/uploads\/2024\/11\/header-uriach-virtual-experience-1024x322.jpg 1024w, https:\/\/www.fu1838.org\/wp-content\/uploads\/2024\/11\/header-uriach-virtual-experience-768x241.jpg 768w\" sizes=\"auto, (max-width: 1400px) 100vw, 1400px\" \/><div class=\"wp-block-cover__inner-container has-global-padding is-layout-constrained wp-container-core-cover-is-layout-c06d165c wp-block-cover-is-layout-constrained\">\n<div class=\"wp-block-columns alignfull is-layout-flex wp-container-core-columns-is-layout-9c22b1e3 wp-block-columns-is-layout-flex\">\n<div class=\"wp-block-column has-base-2-color has-text-color has-background has-link-color wp-elements-7af8e0e635e0f554f0430af1abb82fc4 is-layout-flow wp-block-column-is-layout-flow\" style=\"background-color:#005ce5cc;padding-top:var(--wp--preset--spacing--40);padding-right:var(--wp--preset--spacing--20);padding-bottom:var(--wp--preset--spacing--40)\">\n<div class=\"wp-block-group uriach-header-block-cover-content has-global-padding is-layout-constrained wp-block-group-is-layout-constrained\">\n<h1 class=\"wp-block-heading has-base-2-color has-text-color has-link-color wp-elements-b1fd74f4e2331e35b6ac5af329791daf\">Experi\u00e8ncia Virtual Uriach<\/h1>\n\n\n\n<p class=\"has-text-align-left\">Una experi\u00e8ncia de realitat virtual dissenyada per la Fundaci\u00f3, que mostra de manera immersiva la hist\u00f2ria de la companyia Uriach, des dels seus or\u00edgens al segle XIX fins a l&#8217;actual empresa internacional.<\/p>\n\n\n\n<p class=\"has-text-align-left\">Viu en primera persona i de manera interactiva una experi\u00e8ncia \u00fanica.<\/p>\n<\/div>\n<\/div>\n\n\n\n<div class=\"wp-block-column is-layout-flow wp-block-column-is-layout-flow\"><\/div>\n<\/div>\n<\/div><\/div>\n<\/div>\n\n<div class=\"wp-block-group alignfull has-custom-gris-fondo-background-color has-background has-global-padding is-layout-constrained wp-block-group-is-layout-constrained\" style=\"margin-top:0;padding-top:var(--wp--preset--spacing--40);padding-bottom:var(--wp--preset--spacing--40)\">\n<div class=\"wp-block-group alignwide has-global-padding is-layout-constrained wp-block-group-is-layout-constrained\">\n<div style=\"padding:56.25% 0 0 0;\"><iframe src=\"https:\/\/player.vimeo.com\/video\/1018642857?badge=0&#038;autopause=0&#038;player_id=0&#038;app_id=58479\" frameborder=\"0\" allow=\"autoplay; fullscreen; picture-in-picture; clipboard-write\" style=\"position:absolute;top:0;left:0;width:100%;height:100%;\" title=\"Uriach Virtual Experience (2023)\"><\/iframe><\/div><script src=\"https:\/\/player.vimeo.com\/api\/player.js\"><\/script>\r\n<\/div>\n<\/div>\n\n<div class=\"wp-block-group alignwide has-global-padding is-content-justification-left is-layout-constrained wp-container-core-group-is-layout-21fe343f wp-block-group-is-layout-constrained\" style=\"padding-top:var(--wp--preset--spacing--40);padding-bottom:var(--wp--preset--spacing--40)\"><div class=\"uriach-virtual-experience-gallery\"><div class=\"uriach-virtual-experience-gallery-item\"><a href=\"https:\/\/www.fu1838.org\/wp-content\/uploads\/2024\/11\/01_VirtualExperince_imagen.jpg\" data-dimbox=\"gallery_uriach_virtual_experience\"><img decoding=\"async\" src=\"https:\/\/www.fu1838.org\/wp-content\/uploads\/2024\/11\/uriach-virtual-experience-01.jpg\" alt=\"Uriach Virtual Experience\"><div class=\"uriach-gallery-zoom\"><\/div><\/a><\/div><div class=\"uriach-virtual-experience-gallery-item\"><a href=\"https:\/\/www.fu1838.org\/wp-content\/uploads\/2024\/11\/02_VirtualExperince_imagen.jpg\" data-dimbox=\"gallery_uriach_virtual_experience\"><img decoding=\"async\" src=\"https:\/\/www.fu1838.org\/wp-content\/uploads\/2024\/11\/uriach-virtual-experience-02.jpg\" alt=\"Uriach Virtual Experience\"><div class=\"uriach-gallery-zoom\"><\/div><\/a><\/div><div class=\"uriach-virtual-experience-gallery-item\"><a href=\"https:\/\/www.fu1838.org\/wp-content\/uploads\/2024\/11\/03_VirtualExperince_imagen.jpg\" data-dimbox=\"gallery_uriach_virtual_experience\"><img decoding=\"async\" src=\"https:\/\/www.fu1838.org\/wp-content\/uploads\/2024\/11\/uriach-virtual-experience-03.jpg\" alt=\"Uriach Virtual Experience\"><div class=\"uriach-gallery-zoom\"><\/div><\/a><\/div><div class=\"uriach-virtual-experience-gallery-item\"><a href=\"https:\/\/www.fu1838.org\/wp-content\/uploads\/2024\/11\/04_VirtualExperince_imagen.jpg\" data-dimbox=\"gallery_uriach_virtual_experience\"><img decoding=\"async\" src=\"https:\/\/www.fu1838.org\/wp-content\/uploads\/2024\/11\/uriach-virtual-experience-04.jpg\" alt=\"Uriach Virtual Experience\"><div class=\"uriach-gallery-zoom\"><\/div><\/a><\/div><div class=\"uriach-virtual-experience-gallery-item\"><a href=\"https:\/\/www.fu1838.org\/wp-content\/uploads\/2024\/11\/05_VirtualExperince_imagen.jpg\" data-dimbox=\"gallery_uriach_virtual_experience\"><img decoding=\"async\" src=\"https:\/\/www.fu1838.org\/wp-content\/uploads\/2024\/11\/uriach-virtual-experience-05.jpg\" alt=\"Uriach Virtual Experience\"><div class=\"uriach-gallery-zoom\"><\/div><\/a><\/div><div class=\"uriach-virtual-experience-gallery-item\"><a href=\"https:\/\/www.fu1838.org\/wp-content\/uploads\/2024\/11\/06_VirtualExperince_imagen.jpg\" data-dimbox=\"gallery_uriach_virtual_experience\"><img decoding=\"async\" src=\"https:\/\/www.fu1838.org\/wp-content\/uploads\/2024\/11\/uriach-virtual-experience-06.jpg\" alt=\"Uriach Virtual Experience\"><div class=\"uriach-gallery-zoom\"><\/div><\/a><\/div><div class=\"uriach-virtual-experience-gallery-item\"><a href=\"https:\/\/www.fu1838.org\/wp-content\/uploads\/2024\/11\/07_VirtualExperince_imagen.jpg\" data-dimbox=\"gallery_uriach_virtual_experience\"><img decoding=\"async\" src=\"https:\/\/www.fu1838.org\/wp-content\/uploads\/2024\/11\/uriach-virtual-experience-07.jpg\" alt=\"Uriach Virtual Experience\"><div class=\"uriach-gallery-zoom\"><\/div><\/a><\/div><div class=\"uriach-virtual-experience-gallery-item\"><a href=\"https:\/\/www.fu1838.org\/wp-content\/uploads\/2024\/11\/08_VirtualExperince_imagen.jpg\" data-dimbox=\"gallery_uriach_virtual_experience\"><img decoding=\"async\" src=\"https:\/\/www.fu1838.org\/wp-content\/uploads\/2024\/11\/uriach-virtual-experience-08.jpg\" alt=\"Uriach Virtual Experience\"><div class=\"uriach-gallery-zoom\"><\/div><\/a><\/div><\/div>\n<\/div>\n","protected":false},"excerpt":{"rendered":"","protected":false},"author":1,"featured_media":0,"parent":0,"menu_order":0,"comment_status":"closed","ping_status":"closed","template":"","meta":{"_acf_changed":false,"footnotes":""},"class_list":["post-7031","page","type-page","status-publish","hentry"],"acf":[],"yoast_head":"<!-- This site is optimized with the Yoast SEO plugin v24.1 - https:\/\/yoast.com\/wordpress\/plugins\/seo\/ -->\n<title>Experi\u00e8ncia Virtual Uriach - Fundaci\u00f3n Uriach<\/title>\n<meta name=\"robots\" content=\"index, follow, max-snippet:-1, max-image-preview:large, max-video-preview:-1\" \/>\n<link rel=\"canonical\" href=\"https:\/\/www.fu1838.org\/ca\/experiencia-virtual-uriach\/\" \/>\n<meta property=\"og:locale\" content=\"ca_ES\" \/>\n<meta property=\"og:type\" content=\"article\" \/>\n<meta property=\"og:title\" content=\"Experi\u00e8ncia Virtual Uriach - Fundaci\u00f3n Uriach\" \/>\n<meta property=\"og:url\" content=\"https:\/\/www.fu1838.org\/ca\/experiencia-virtual-uriach\/\" \/>\n<meta property=\"og:site_name\" content=\"Fundaci\u00f3n Uriach\" \/>\n<meta property=\"article:modified_time\" content=\"2025-03-03T14:49:15+00:00\" \/>\n<meta property=\"og:image\" content=\"https:\/\/www.fu1838.org\/wp-content\/uploads\/2024\/11\/header-uriach-virtual-experience.jpg\" \/>\n\t<meta property=\"og:image:width\" content=\"1400\" \/>\n\t<meta property=\"og:image:height\" content=\"440\" \/>\n\t<meta property=\"og:image:type\" content=\"image\/jpeg\" \/>\n<meta name=\"twitter:card\" content=\"summary_large_image\" \/>\n<script type=\"application\/ld+json\" class=\"yoast-schema-graph\">{\"@context\":\"https:\/\/schema.org\",\"@graph\":[{\"@type\":\"WebPage\",\"@id\":\"https:\/\/www.fu1838.org\/ca\/experiencia-virtual-uriach\/\",\"url\":\"https:\/\/www.fu1838.org\/ca\/experiencia-virtual-uriach\/\",\"name\":\"Experi\u00e8ncia Virtual Uriach - Fundaci\u00f3n Uriach\",\"isPartOf\":{\"@id\":\"https:\/\/www.fu1838.org\/ca\/#website\"},\"primaryImageOfPage\":{\"@id\":\"https:\/\/www.fu1838.org\/ca\/experiencia-virtual-uriach\/#primaryimage\"},\"image\":{\"@id\":\"https:\/\/www.fu1838.org\/ca\/experiencia-virtual-uriach\/#primaryimage\"},\"thumbnailUrl\":\"https:\/\/www.fu1838.org\/wp-content\/uploads\/2024\/11\/header-uriach-virtual-experience.jpg\",\"datePublished\":\"2024-11-19T12:04:17+00:00\",\"dateModified\":\"2025-03-03T14:49:15+00:00\",\"breadcrumb\":{\"@id\":\"https:\/\/www.fu1838.org\/ca\/experiencia-virtual-uriach\/#breadcrumb\"},\"inLanguage\":\"ca\",\"potentialAction\":[{\"@type\":\"ReadAction\",\"target\":[\"https:\/\/www.fu1838.org\/ca\/experiencia-virtual-uriach\/\"]}]},{\"@type\":\"ImageObject\",\"inLanguage\":\"ca\",\"@id\":\"https:\/\/www.fu1838.org\/ca\/experiencia-virtual-uriach\/#primaryimage\",\"url\":\"https:\/\/www.fu1838.org\/wp-content\/uploads\/2024\/11\/header-uriach-virtual-experience.jpg\",\"contentUrl\":\"https:\/\/www.fu1838.org\/wp-content\/uploads\/2024\/11\/header-uriach-virtual-experience.jpg\"},{\"@type\":\"BreadcrumbList\",\"@id\":\"https:\/\/www.fu1838.org\/ca\/experiencia-virtual-uriach\/#breadcrumb\",\"itemListElement\":[{\"@type\":\"ListItem\",\"position\":1,\"name\":\"Portada\",\"item\":\"https:\/\/www.fu1838.org\/ca\/\"},{\"@type\":\"ListItem\",\"position\":2,\"name\":\"Experi\u00e8ncia Virtual Uriach\"}]},{\"@type\":\"WebSite\",\"@id\":\"https:\/\/www.fu1838.org\/ca\/#website\",\"url\":\"https:\/\/www.fu1838.org\/ca\/\",\"name\":\"Fundaci\u00f3n Uriach\",\"description\":\"\",\"potentialAction\":[{\"@type\":\"SearchAction\",\"target\":{\"@type\":\"EntryPoint\",\"urlTemplate\":\"https:\/\/www.fu1838.org\/ca\/?s={search_term_string}\"},\"query-input\":{\"@type\":\"PropertyValueSpecification\",\"valueRequired\":true,\"valueName\":\"search_term_string\"}}],\"inLanguage\":\"ca\"}]}<\/script>\n<!-- \/ Yoast SEO plugin. -->","yoast_head_json":{"title":"Experi\u00e8ncia Virtual Uriach - Fundaci\u00f3n Uriach","robots":{"index":"index","follow":"follow","max-snippet":"max-snippet:-1","max-image-preview":"max-image-preview:large","max-video-preview":"max-video-preview:-1"},"canonical":"https:\/\/www.fu1838.org\/ca\/experiencia-virtual-uriach\/","og_locale":"ca_ES","og_type":"article","og_title":"Experi\u00e8ncia Virtual Uriach - Fundaci\u00f3n Uriach","og_url":"https:\/\/www.fu1838.org\/ca\/experiencia-virtual-uriach\/","og_site_name":"Fundaci\u00f3n Uriach","article_modified_time":"2025-03-03T14:49:15+00:00","og_image":[{"width":1400,"height":440,"url":"https:\/\/www.fu1838.org\/wp-content\/uploads\/2024\/11\/header-uriach-virtual-experience.jpg","type":"image\/jpeg"}],"twitter_card":"summary_large_image","schema":{"@context":"https:\/\/schema.org","@graph":[{"@type":"WebPage","@id":"https:\/\/www.fu1838.org\/ca\/experiencia-virtual-uriach\/","url":"https:\/\/www.fu1838.org\/ca\/experiencia-virtual-uriach\/","name":"Experi\u00e8ncia Virtual Uriach - Fundaci\u00f3n Uriach","isPartOf":{"@id":"https:\/\/www.fu1838.org\/ca\/#website"},"primaryImageOfPage":{"@id":"https:\/\/www.fu1838.org\/ca\/experiencia-virtual-uriach\/#primaryimage"},"image":{"@id":"https:\/\/www.fu1838.org\/ca\/experiencia-virtual-uriach\/#primaryimage"},"thumbnailUrl":"https:\/\/www.fu1838.org\/wp-content\/uploads\/2024\/11\/header-uriach-virtual-experience.jpg","datePublished":"2024-11-19T12:04:17+00:00","dateModified":"2025-03-03T14:49:15+00:00","breadcrumb":{"@id":"https:\/\/www.fu1838.org\/ca\/experiencia-virtual-uriach\/#breadcrumb"},"inLanguage":"ca","potentialAction":[{"@type":"ReadAction","target":["https:\/\/www.fu1838.org\/ca\/experiencia-virtual-uriach\/"]}]},{"@type":"ImageObject","inLanguage":"ca","@id":"https:\/\/www.fu1838.org\/ca\/experiencia-virtual-uriach\/#primaryimage","url":"https:\/\/www.fu1838.org\/wp-content\/uploads\/2024\/11\/header-uriach-virtual-experience.jpg","contentUrl":"https:\/\/www.fu1838.org\/wp-content\/uploads\/2024\/11\/header-uriach-virtual-experience.jpg"},{"@type":"BreadcrumbList","@id":"https:\/\/www.fu1838.org\/ca\/experiencia-virtual-uriach\/#breadcrumb","itemListElement":[{"@type":"ListItem","position":1,"name":"Portada","item":"https:\/\/www.fu1838.org\/ca\/"},{"@type":"ListItem","position":2,"name":"Experi\u00e8ncia Virtual Uriach"}]},{"@type":"WebSite","@id":"https:\/\/www.fu1838.org\/ca\/#website","url":"https:\/\/www.fu1838.org\/ca\/","name":"Fundaci\u00f3n Uriach","description":"","potentialAction":[{"@type":"SearchAction","target":{"@type":"EntryPoint","urlTemplate":"https:\/\/www.fu1838.org\/ca\/?s={search_term_string}"},"query-input":{"@type":"PropertyValueSpecification","valueRequired":true,"valueName":"search_term_string"}}],"inLanguage":"ca"}]}},"_links":{"self":[{"href":"https:\/\/www.fu1838.org\/ca\/wp-json\/wp\/v2\/pages\/7031","targetHints":{"allow":["GET"]}}],"collection":[{"href":"https:\/\/www.fu1838.org\/ca\/wp-json\/wp\/v2\/pages"}],"about":[{"href":"https:\/\/www.fu1838.org\/ca\/wp-json\/wp\/v2\/types\/page"}],"author":[{"embeddable":true,"href":"https:\/\/www.fu1838.org\/ca\/wp-json\/wp\/v2\/users\/1"}],"replies":[{"embeddable":true,"href":"https:\/\/www.fu1838.org\/ca\/wp-json\/wp\/v2\/comments?post=7031"}],"version-history":[{"count":1,"href":"https:\/\/www.fu1838.org\/ca\/wp-json\/wp\/v2\/pages\/7031\/revisions"}],"predecessor-version":[{"id":7032,"href":"https:\/\/www.fu1838.org\/ca\/wp-json\/wp\/v2\/pages\/7031\/revisions\/7032"}],"wp:attachment":[{"href":"https:\/\/www.fu1838.org\/ca\/wp-json\/wp\/v2\/media?parent=7031"}],"curies":[{"name":"wp","href":"https:\/\/api.w.org\/{rel}","templated":true}]}}