{"id":7037,"date":"2024-11-19T13:06:54","date_gmt":"2024-11-19T12:06:54","guid":{"rendered":"https:\/\/www.fu1838.org\/activitats-salut-natural\/"},"modified":"2025-09-17T09:54:19","modified_gmt":"2025-09-17T07:54:19","slug":"activitats-salut-natural","status":"publish","type":"page","link":"https:\/\/www.fu1838.org\/ca\/activitats-salut-natural\/","title":{"rendered":"Activitats Salut Natural"},"content":{"rendered":"\n<div class=\"wp-block-group alignfull has-global-padding is-layout-constrained wp-block-group-is-layout-constrained\">\n<div class=\"wp-block-cover alignfull is-light uriach-header-block-cover\" style=\"padding-top:0;padding-right:0;padding-bottom:0;padding-left:0\"><img loading=\"lazy\" decoding=\"async\" width=\"1400\" height=\"440\" class=\"wp-block-cover__image-background wp-image-448\" alt=\"\" src=\"https:\/\/www.fu1838.org\/wp-content\/uploads\/2024\/11\/header-actividades-salud-natural.jpg\" data-object-fit=\"cover\" srcset=\"https:\/\/www.fu1838.org\/wp-content\/uploads\/2024\/11\/header-actividades-salud-natural.jpg 1400w, https:\/\/www.fu1838.org\/wp-content\/uploads\/2024\/11\/header-actividades-salud-natural-300x94.jpg 300w, https:\/\/www.fu1838.org\/wp-content\/uploads\/2024\/11\/header-actividades-salud-natural-1024x322.jpg 1024w, https:\/\/www.fu1838.org\/wp-content\/uploads\/2024\/11\/header-actividades-salud-natural-768x241.jpg 768w\" sizes=\"auto, (max-width: 1400px) 100vw, 1400px\" \/><span aria-hidden=\"true\" class=\"wp-block-cover__background has-background-dim-0 has-background-dim\" style=\"background-color:#5d819e\"><\/span><div class=\"wp-block-cover__inner-container has-global-padding is-layout-constrained wp-container-core-cover-is-layout-c06d165c wp-block-cover-is-layout-constrained\">\n<div class=\"wp-block-columns alignfull is-layout-flex wp-container-core-columns-is-layout-28f84493 wp-block-columns-is-layout-flex\">\n<div class=\"wp-block-column has-base-2-color has-text-color has-background has-link-color wp-elements-8fe0029158daa099874ea3b9ae451052 is-layout-flow wp-block-column-is-layout-flow\" style=\"background-color:#00c405b3;padding-top:var(--wp--preset--spacing--30);padding-right:var(--wp--preset--spacing--20);padding-bottom:var(--wp--preset--spacing--30)\">\n<div class=\"wp-block-group uriach-header-block-cover-content has-global-padding is-layout-constrained wp-block-group-is-layout-constrained\">\n<h1 class=\"wp-block-heading has-base-2-color has-text-color has-link-color wp-elements-2c0fb9c5ef8fb90d9b0f617650a77764\">Activitats Salut Natural<\/h1>\n\n\n\n<p class=\"has-text-align-left\">Un dels nostres objectius fundacionals \u00e9s la divulgaci\u00f3 de la nutrac\u00e8utica i els beneficis d&#8217;una vida saludable. Per aquest motiu, a m\u00e9s de la creaci\u00f3 de la C\u00e0tedra Uriach de Nutrac\u00e8utica, la Fundaci\u00f3 duu a terme altres activitats.<\/p>\n<\/div>\n<\/div>\n\n\n\n<div class=\"wp-block-column is-layout-flow wp-block-column-is-layout-flow\"><\/div>\n<\/div>\n<\/div><\/div>\n<\/div>\n\n<div class=\"wp-block-group alignwide has-global-padding is-layout-constrained wp-container-core-group-is-layout-2d1e4d03 wp-block-group-is-layout-constrained\" style=\"margin-top:var(--wp--preset--spacing--40);margin-bottom:var(--wp--preset--spacing--40)\">\n<div class=\"wp-block-columns alignwide is-layout-flex wp-container-core-columns-is-layout-3ae220d9 wp-block-columns-is-layout-flex\" style=\"margin-bottom:var(--wp--preset--spacing--50)\">\n<div class=\"wp-block-column is-layout-flow wp-block-column-is-layout-flow\">\n<figure class=\"wp-block-image size-full\"><img loading=\"lazy\" decoding=\"async\" width=\"2560\" height=\"1920\" src=\"https:\/\/www.fu1838.org\/wp-content\/uploads\/2025\/03\/P1133547-scaled.jpg\" alt=\"\" class=\"wp-image-7283\" srcset=\"https:\/\/www.fu1838.org\/wp-content\/uploads\/2025\/03\/P1133547-scaled.jpg 2560w, https:\/\/www.fu1838.org\/wp-content\/uploads\/2025\/03\/P1133547-300x225.jpg 300w, https:\/\/www.fu1838.org\/wp-content\/uploads\/2025\/03\/P1133547-1024x768.jpg 1024w, https:\/\/www.fu1838.org\/wp-content\/uploads\/2025\/03\/P1133547-768x576.jpg 768w, https:\/\/www.fu1838.org\/wp-content\/uploads\/2025\/03\/P1133547-1536x1152.jpg 1536w, https:\/\/www.fu1838.org\/wp-content\/uploads\/2025\/03\/P1133547-2048x1536.jpg 2048w\" sizes=\"auto, (max-width: 2560px) 100vw, 2560px\" \/><\/figure>\n<\/div>\n\n\n\n<div class=\"wp-block-column is-layout-flow wp-block-column-is-layout-flow\">\n<h2 class=\"wp-block-heading has-custom-azul-color has-text-color has-link-color has-large-font-size wp-elements-0175c4693a8be84b3d2010f43ce25ca6\">Jornades de Nutrac\u00e8utica<\/h2>\n\n\n\n<p>La C\u00e0tedra Uriach de Nutrac\u00e8utica organitza les jornades de Compostos Bioactius i Nutrac\u00e8utics. Una trobada cient\u00edfica de divulgaci\u00f3 d&#8217;investigacions d&#8217;avantguarda sobre compostos bioactius, la seva efic\u00e0cia i els mecanismes subjacents als efectes beneficiosos de la salut.<br\/><br\/><a href=\"https:\/\/www.fu1838.org\/ca\/activitats-salut-natural\/jornades-de-nutraceutica\/\">Veure m\u00e9s<\/a><\/p>\n<\/div>\n<\/div>\n\n\n\n<div class=\"wp-block-columns alignwide is-layout-flex wp-container-core-columns-is-layout-3ae220d9 wp-block-columns-is-layout-flex\" style=\"margin-bottom:var(--wp--preset--spacing--50)\">\n<div class=\"wp-block-column is-layout-flow wp-block-column-is-layout-flow\">\n<figure class=\"wp-block-image size-full\"><img loading=\"lazy\" decoding=\"async\" width=\"508\" height=\"300\" src=\"https:\/\/www.fu1838.org\/wp-content\/uploads\/2024\/11\/actividades-salud-natural-charlas.jpg\" alt=\"\" class=\"wp-image-804\" srcset=\"https:\/\/www.fu1838.org\/wp-content\/uploads\/2024\/11\/actividades-salud-natural-charlas.jpg?v=1736415222 508w, https:\/\/www.fu1838.org\/wp-content\/uploads\/2024\/11\/actividades-salud-natural-charlas-300x177.jpg?v=1736415222 300w\" sizes=\"auto, (max-width: 508px) 100vw, 508px\" \/><\/figure>\n<\/div>\n\n\n\n<div class=\"wp-block-column is-layout-flow wp-block-column-is-layout-flow\">\n<h2 class=\"wp-block-heading has-custom-azul-color has-text-color has-link-color has-large-font-size wp-elements-84bc7586191618c62029fc78d594916e\">Trobades sobre salut natural<\/h2>\n\n\n\n<p>A trav\u00e9s de diverses xerrades i jornades divulgatives, la Fundaci\u00f3 Uriach busca donar a con\u00e8ixer els beneficis de la salut natural i promoure h\u00e0bits de vida saludables. Aquestes trobades estan dirigides a tot tipus de p\u00fablic, des d&#8217;estudiants, acad\u00e8mics i professionals fins al p\u00fablic en general.&#13;\n<br\/><br\/>&#13;\n<a href=\"https:\/\/www.fu1838.org\/ca\/activitats-salut-natural\/xerrades\/\">Veure m\u00e9s<\/a><\/p>\n<\/div>\n<\/div>\n\n\n\n<div class=\"wp-block-columns alignwide is-layout-flex wp-container-core-columns-is-layout-dba840fd wp-block-columns-is-layout-flex\" style=\"margin-top:var(--wp--preset--spacing--30)\">\n<div class=\"wp-block-column is-layout-flow wp-block-column-is-layout-flow\">\n<figure class=\"wp-block-image size-full\"><img loading=\"lazy\" decoding=\"async\" width=\"508\" height=\"300\" src=\"https:\/\/www.fu1838.org\/wp-content\/uploads\/2024\/11\/actividades-salud-natural-visitas.jpg\" alt=\"\" class=\"wp-image-805\" srcset=\"https:\/\/www.fu1838.org\/wp-content\/uploads\/2024\/11\/actividades-salud-natural-visitas.jpg?v=1736415174 508w, https:\/\/www.fu1838.org\/wp-content\/uploads\/2024\/11\/actividades-salud-natural-visitas-300x177.jpg?v=1736415174 300w\" sizes=\"auto, (max-width: 508px) 100vw, 508px\" \/><\/figure>\n<\/div>\n\n\n\n<div class=\"wp-block-column is-layout-flow wp-block-column-is-layout-flow\">\n<h2 class=\"wp-block-heading has-custom-azul-color has-text-color has-link-color has-large-font-size wp-elements-c3ef5ac06b15e2afa3f259fd64d757db\">Visites al Jard\u00ed Bot\u00e0nic<\/h2>\n\n\n\n<p>A trav\u00e9s de la visita al <em>Jard\u00ed Bot\u00e0nic de Barcelona<\/em>, podrem explorar i descobrir els beneficis i caracter\u00edstiques d&#8217;algunes de les plantes medicinals m\u00e9s utilitzades i populars al nostre pa\u00eds. Una oportunitat \u00fanica per aprendre m\u00e9s sobre els nostres recursos naturals, sovint oblidats, i com poden ajudar-nos en el nostre dia a dia.&#13;\n<br\/><br\/>&#13;\nVeure <a href=\"https:\/\/vimeo.com\/1092679104?share=copy#t=0\">v\u00eddeo<\/a><\/p>\n<\/div>\n<\/div>\n<\/div>\n","protected":false},"excerpt":{"rendered":"<p>Jornades de Nutrac\u00e8utica La C\u00e0tedra Uriach de Nutrac\u00e8utica organitza les jornades de Compostos Bioactius i Nutrac\u00e8utics. Una trobada cient\u00edfica de divulgaci\u00f3 d&#8217;investigacions d&#8217;avantguarda sobre compostos bioactius, la seva efic\u00e0cia i els mecanismes subjacents als efectes beneficiosos de la salut. Veure m\u00e9s Trobades sobre salut natural A trav\u00e9s de diverses xerrades i jornades divulgatives, la Fundaci\u00f3 [&hellip;]<\/p>\n","protected":false},"author":1,"featured_media":0,"parent":0,"menu_order":0,"comment_status":"closed","ping_status":"closed","template":"","meta":{"_acf_changed":false,"footnotes":""},"class_list":["post-7037","page","type-page","status-publish","hentry"],"acf":[],"yoast_head":"<!-- This site is optimized with the Yoast SEO plugin v24.1 - https:\/\/yoast.com\/wordpress\/plugins\/seo\/ -->\n<title>Activitats Salut Natural - Fundaci\u00f3n Uriach<\/title>\n<meta name=\"robots\" content=\"index, follow, max-snippet:-1, max-image-preview:large, max-video-preview:-1\" \/>\n<link rel=\"canonical\" href=\"https:\/\/www.fu1838.org\/ca\/activitats-salut-natural\/\" \/>\n<meta property=\"og:locale\" content=\"ca_ES\" \/>\n<meta property=\"og:type\" content=\"article\" \/>\n<meta property=\"og:title\" content=\"Activitats Salut Natural - Fundaci\u00f3n Uriach\" \/>\n<meta property=\"og:description\" content=\"Jornades de Nutrac\u00e8utica La C\u00e0tedra Uriach de Nutrac\u00e8utica organitza les jornades de Compostos Bioactius i Nutrac\u00e8utics. Una trobada cient\u00edfica de divulgaci\u00f3 d&#8217;investigacions d&#8217;avantguarda sobre compostos bioactius, la seva efic\u00e0cia i els mecanismes subjacents als efectes beneficiosos de la salut. Veure m\u00e9s Trobades sobre salut natural A trav\u00e9s de diverses xerrades i jornades divulgatives, la Fundaci\u00f3 [&hellip;]\" \/>\n<meta property=\"og:url\" content=\"https:\/\/www.fu1838.org\/ca\/activitats-salut-natural\/\" \/>\n<meta property=\"og:site_name\" content=\"Fundaci\u00f3n Uriach\" \/>\n<meta property=\"article:modified_time\" content=\"2025-09-17T07:54:19+00:00\" \/>\n<meta property=\"og:image\" content=\"https:\/\/www.fu1838.org\/wp-content\/uploads\/2024\/11\/header-actividades-salud-natural.jpg\" \/>\n\t<meta property=\"og:image:width\" content=\"1400\" \/>\n\t<meta property=\"og:image:height\" content=\"440\" \/>\n\t<meta property=\"og:image:type\" content=\"image\/jpeg\" \/>\n<meta name=\"twitter:card\" content=\"summary_large_image\" \/>\n<meta name=\"twitter:label1\" content=\"Temps estimat de lectura\" \/>\n\t<meta name=\"twitter:data1\" content=\"2 minuts\" \/>\n<script type=\"application\/ld+json\" class=\"yoast-schema-graph\">{\"@context\":\"https:\/\/schema.org\",\"@graph\":[{\"@type\":\"WebPage\",\"@id\":\"https:\/\/www.fu1838.org\/ca\/activitats-salut-natural\/\",\"url\":\"https:\/\/www.fu1838.org\/ca\/activitats-salut-natural\/\",\"name\":\"Activitats Salut Natural - Fundaci\u00f3n Uriach\",\"isPartOf\":{\"@id\":\"https:\/\/www.fu1838.org\/ca\/#website\"},\"primaryImageOfPage\":{\"@id\":\"https:\/\/www.fu1838.org\/ca\/activitats-salut-natural\/#primaryimage\"},\"image\":{\"@id\":\"https:\/\/www.fu1838.org\/ca\/activitats-salut-natural\/#primaryimage\"},\"thumbnailUrl\":\"https:\/\/www.fu1838.org\/wp-content\/uploads\/2024\/11\/header-actividades-salud-natural.jpg\",\"datePublished\":\"2024-11-19T12:06:54+00:00\",\"dateModified\":\"2025-09-17T07:54:19+00:00\",\"breadcrumb\":{\"@id\":\"https:\/\/www.fu1838.org\/ca\/activitats-salut-natural\/#breadcrumb\"},\"inLanguage\":\"ca\",\"potentialAction\":[{\"@type\":\"ReadAction\",\"target\":[\"https:\/\/www.fu1838.org\/ca\/activitats-salut-natural\/\"]}]},{\"@type\":\"ImageObject\",\"inLanguage\":\"ca\",\"@id\":\"https:\/\/www.fu1838.org\/ca\/activitats-salut-natural\/#primaryimage\",\"url\":\"https:\/\/www.fu1838.org\/wp-content\/uploads\/2024\/11\/header-actividades-salud-natural.jpg\",\"contentUrl\":\"https:\/\/www.fu1838.org\/wp-content\/uploads\/2024\/11\/header-actividades-salud-natural.jpg\"},{\"@type\":\"BreadcrumbList\",\"@id\":\"https:\/\/www.fu1838.org\/ca\/activitats-salut-natural\/#breadcrumb\",\"itemListElement\":[{\"@type\":\"ListItem\",\"position\":1,\"name\":\"Portada\",\"item\":\"https:\/\/www.fu1838.org\/ca\/\"},{\"@type\":\"ListItem\",\"position\":2,\"name\":\"Activitats Salut Natural\"}]},{\"@type\":\"WebSite\",\"@id\":\"https:\/\/www.fu1838.org\/ca\/#website\",\"url\":\"https:\/\/www.fu1838.org\/ca\/\",\"name\":\"Fundaci\u00f3n Uriach\",\"description\":\"\",\"potentialAction\":[{\"@type\":\"SearchAction\",\"target\":{\"@type\":\"EntryPoint\",\"urlTemplate\":\"https:\/\/www.fu1838.org\/ca\/?s={search_term_string}\"},\"query-input\":{\"@type\":\"PropertyValueSpecification\",\"valueRequired\":true,\"valueName\":\"search_term_string\"}}],\"inLanguage\":\"ca\"}]}<\/script>\n<!-- \/ Yoast SEO plugin. -->","yoast_head_json":{"title":"Activitats Salut Natural - Fundaci\u00f3n Uriach","robots":{"index":"index","follow":"follow","max-snippet":"max-snippet:-1","max-image-preview":"max-image-preview:large","max-video-preview":"max-video-preview:-1"},"canonical":"https:\/\/www.fu1838.org\/ca\/activitats-salut-natural\/","og_locale":"ca_ES","og_type":"article","og_title":"Activitats Salut Natural - Fundaci\u00f3n Uriach","og_description":"Jornades de Nutrac\u00e8utica La C\u00e0tedra Uriach de Nutrac\u00e8utica organitza les jornades de Compostos Bioactius i Nutrac\u00e8utics. Una trobada cient\u00edfica de divulgaci\u00f3 d&#8217;investigacions d&#8217;avantguarda sobre compostos bioactius, la seva efic\u00e0cia i els mecanismes subjacents als efectes beneficiosos de la salut. Veure m\u00e9s Trobades sobre salut natural A trav\u00e9s de diverses xerrades i jornades divulgatives, la Fundaci\u00f3 [&hellip;]","og_url":"https:\/\/www.fu1838.org\/ca\/activitats-salut-natural\/","og_site_name":"Fundaci\u00f3n Uriach","article_modified_time":"2025-09-17T07:54:19+00:00","og_image":[{"width":1400,"height":440,"url":"https:\/\/www.fu1838.org\/wp-content\/uploads\/2024\/11\/header-actividades-salud-natural.jpg","type":"image\/jpeg"}],"twitter_card":"summary_large_image","twitter_misc":{"Temps estimat de lectura":"2 minuts"},"schema":{"@context":"https:\/\/schema.org","@graph":[{"@type":"WebPage","@id":"https:\/\/www.fu1838.org\/ca\/activitats-salut-natural\/","url":"https:\/\/www.fu1838.org\/ca\/activitats-salut-natural\/","name":"Activitats Salut Natural - Fundaci\u00f3n Uriach","isPartOf":{"@id":"https:\/\/www.fu1838.org\/ca\/#website"},"primaryImageOfPage":{"@id":"https:\/\/www.fu1838.org\/ca\/activitats-salut-natural\/#primaryimage"},"image":{"@id":"https:\/\/www.fu1838.org\/ca\/activitats-salut-natural\/#primaryimage"},"thumbnailUrl":"https:\/\/www.fu1838.org\/wp-content\/uploads\/2024\/11\/header-actividades-salud-natural.jpg","datePublished":"2024-11-19T12:06:54+00:00","dateModified":"2025-09-17T07:54:19+00:00","breadcrumb":{"@id":"https:\/\/www.fu1838.org\/ca\/activitats-salut-natural\/#breadcrumb"},"inLanguage":"ca","potentialAction":[{"@type":"ReadAction","target":["https:\/\/www.fu1838.org\/ca\/activitats-salut-natural\/"]}]},{"@type":"ImageObject","inLanguage":"ca","@id":"https:\/\/www.fu1838.org\/ca\/activitats-salut-natural\/#primaryimage","url":"https:\/\/www.fu1838.org\/wp-content\/uploads\/2024\/11\/header-actividades-salud-natural.jpg","contentUrl":"https:\/\/www.fu1838.org\/wp-content\/uploads\/2024\/11\/header-actividades-salud-natural.jpg"},{"@type":"BreadcrumbList","@id":"https:\/\/www.fu1838.org\/ca\/activitats-salut-natural\/#breadcrumb","itemListElement":[{"@type":"ListItem","position":1,"name":"Portada","item":"https:\/\/www.fu1838.org\/ca\/"},{"@type":"ListItem","position":2,"name":"Activitats Salut Natural"}]},{"@type":"WebSite","@id":"https:\/\/www.fu1838.org\/ca\/#website","url":"https:\/\/www.fu1838.org\/ca\/","name":"Fundaci\u00f3n Uriach","description":"","potentialAction":[{"@type":"SearchAction","target":{"@type":"EntryPoint","urlTemplate":"https:\/\/www.fu1838.org\/ca\/?s={search_term_string}"},"query-input":{"@type":"PropertyValueSpecification","valueRequired":true,"valueName":"search_term_string"}}],"inLanguage":"ca"}]}},"_links":{"self":[{"href":"https:\/\/www.fu1838.org\/ca\/wp-json\/wp\/v2\/pages\/7037","targetHints":{"allow":["GET"]}}],"collection":[{"href":"https:\/\/www.fu1838.org\/ca\/wp-json\/wp\/v2\/pages"}],"about":[{"href":"https:\/\/www.fu1838.org\/ca\/wp-json\/wp\/v2\/types\/page"}],"author":[{"embeddable":true,"href":"https:\/\/www.fu1838.org\/ca\/wp-json\/wp\/v2\/users\/1"}],"replies":[{"embeddable":true,"href":"https:\/\/www.fu1838.org\/ca\/wp-json\/wp\/v2\/comments?post=7037"}],"version-history":[{"count":12,"href":"https:\/\/www.fu1838.org\/ca\/wp-json\/wp\/v2\/pages\/7037\/revisions"}],"predecessor-version":[{"id":195860,"href":"https:\/\/www.fu1838.org\/ca\/wp-json\/wp\/v2\/pages\/7037\/revisions\/195860"}],"wp:attachment":[{"href":"https:\/\/www.fu1838.org\/ca\/wp-json\/wp\/v2\/media?parent=7037"}],"curies":[{"name":"wp","href":"https:\/\/api.w.org\/{rel}","templated":true}]}}