{"id":7039,"date":"2024-11-19T13:09:49","date_gmt":"2024-11-19T12:09:49","guid":{"rendered":"https:\/\/www.fu1838.org\/biblioteca\/"},"modified":"2025-07-31T13:49:02","modified_gmt":"2025-07-31T11:49:02","slug":"biblioteca","status":"publish","type":"page","link":"https:\/\/www.fu1838.org\/ca\/biblioteca\/","title":{"rendered":"Biblioteca"},"content":{"rendered":"\n<div class=\"wp-block-group alignfull has-global-padding is-layout-constrained wp-block-group-is-layout-constrained\">\n<div class=\"wp-block-cover alignfull is-light uriach-header-block-cover\" style=\"padding-top:0;padding-right:0;padding-bottom:0;padding-left:0\"><img loading=\"lazy\" decoding=\"async\" width=\"1400\" height=\"440\" class=\"wp-block-cover__image-background wp-image-451\" alt=\"\" src=\"https:\/\/www.fu1838.org\/wp-content\/uploads\/2024\/11\/header-biblioteca.jpg\" data-object-fit=\"cover\" srcset=\"https:\/\/www.fu1838.org\/wp-content\/uploads\/2024\/11\/header-biblioteca.jpg 1400w, https:\/\/www.fu1838.org\/wp-content\/uploads\/2024\/11\/header-biblioteca-300x94.jpg 300w, https:\/\/www.fu1838.org\/wp-content\/uploads\/2024\/11\/header-biblioteca-1024x322.jpg 1024w, https:\/\/www.fu1838.org\/wp-content\/uploads\/2024\/11\/header-biblioteca-768x241.jpg 768w\" sizes=\"auto, (max-width: 1400px) 100vw, 1400px\" \/><span aria-hidden=\"true\" class=\"wp-block-cover__background has-background-dim-0 has-background-dim\" style=\"background-color:#5d819e\"><\/span><div class=\"wp-block-cover__inner-container has-global-padding is-layout-constrained wp-container-core-cover-is-layout-c06d165c wp-block-cover-is-layout-constrained\">\n<div class=\"wp-block-columns alignfull is-layout-flex wp-container-core-columns-is-layout-28f84493 wp-block-columns-is-layout-flex\">\n<div class=\"wp-block-column has-base-2-color has-text-color has-background has-link-color wp-elements-06cb0b17eaf6795e76825f058e5a206e is-layout-flow wp-block-column-is-layout-flow\" style=\"background-color:#00c405b3;padding-top:var(--wp--preset--spacing--30);padding-right:var(--wp--preset--spacing--20);padding-bottom:var(--wp--preset--spacing--30)\">\n<div class=\"wp-block-group uriach-header-block-cover-content has-global-padding is-layout-constrained wp-block-group-is-layout-constrained\">\n<h1 class=\"wp-block-heading has-base-2-color has-text-color has-link-color wp-elements-4ac6d98d7829a04da27749c8f2ad4d7e\">Biblioteca<\/h1>\n\n\n\n<p class=\"has-text-align-left\">La Biblioteca de la Fundaci\u00f3 Uriach es va iniciar l&#8217;any 1969 amb la missi\u00f3 de conservar i difondre el patrimoni bibliogr\u00e0fic hist\u00f2ric de les ci\u00e8ncies de la salut. Actualment, disposa de m\u00e9s de 12.000 volums d&#8217;obres sobre farm\u00e0cia, medicina i bot\u00e0nica publicades entre el segle XV i la primera meitat del segle XX.&#13;\n&#13;\nEs tracta d&#8217;un centre privat d&#8217;acc\u00e9s obert a tots aquells que desitgin consultar-ne les col\u00b7leccions per a finalitats de recerca i doc\u00e8ncia.<\/p>\n<\/div>\n<\/div>\n\n\n\n<div class=\"wp-block-column is-layout-flow wp-block-column-is-layout-flow\"><\/div>\n<\/div>\n<\/div><\/div>\n<\/div>\n\n<div class=\"wp-block-group alignfull has-custom-gris-fondo-background-color has-background has-global-padding is-layout-constrained wp-block-group-is-layout-constrained\" style=\"margin-top:0;padding-top:var(--wp--preset--spacing--40);padding-bottom:var(--wp--preset--spacing--40)\">\n<h2 class=\"wp-block-heading alignwide uriach-heading\">Cat\u00e0leg<\/h2>\n\n\n\n<div class=\"wp-block-group alignwide has-global-padding is-layout-constrained wp-block-group-is-layout-constrained\">\n<div class=\"iframe-catalogo\">\r\n<iframe loading=\"lazy\" src=\"https:\/\/knosys.uriach.com:8443\/uriachbbdd\/\" height=\"750\" width=\"600\"><\/iframe>\r\n<\/div>\r\n<\/div>\n<\/div>\n\n<div class=\"wp-block-group alignwide has-global-padding is-layout-constrained wp-block-group-is-layout-constrained\" style=\"padding-top:var(--wp--preset--spacing--30);padding-bottom:var(--wp--preset--spacing--30)\">\n<div class=\"wp-block-columns alignwide uriach-border-bottom-right-radius has-base-2-color has-custom-azul-background-color has-text-color has-background has-link-color wp-elements-df012c97fc82dc6ada7e77bb9bd17838 is-layout-flex wp-container-core-columns-is-layout-2000334d wp-block-columns-is-layout-flex\" style=\"padding-top:0;padding-right:0;padding-bottom:0;padding-left:0\">\n<div class=\"wp-block-column is-vertically-aligned-center is-layout-flow wp-block-column-is-layout-flow\" style=\"padding-top:0;padding-right:0;padding-bottom:0;padding-left:0;flex-basis:50%\">\n<div class=\"wp-block-group is-vertical is-layout-flex wp-container-core-group-is-layout-b51e50da wp-block-group-is-layout-flex\" style=\"padding-top:var(--wp--preset--spacing--30);padding-right:var(--wp--preset--spacing--30);padding-bottom:var(--wp--preset--spacing--30);padding-left:var(--wp--preset--spacing--40)\">\n<h2 class=\"wp-block-heading uriach-heading has-base-2-color has-text-color has-link-color wp-elements-fb6eb05ae6387dd2ba475c453105ab96\">Biblioteca digital<\/h2>\n\n\n\n<p style=\"padding-right:var(--wp--preset--spacing--20)\">La Biblioteca digital de la Fundaci\u00f3 Uriach proporciona acc\u00e9s lliure i gratu\u00eft a molts dels fons de la seva Biblioteca que es troben en proc\u00e9s de digitalitzaci\u00f3.&#13;\n&#13;\nEn aquesta, podr\u00e0s descobrir algunes de les obres m\u00e9s destacades de la hist\u00f2ria de les ci\u00e8ncies de la salut, entre les quals hi ha llibres impresos, revistes, manuscrits, dibuixos i gravats.<\/p>\n\n\n\n<div class=\"wp-block-buttons is-layout-flex wp-block-buttons-is-layout-flex\">\n<div class=\"wp-block-button uriach-button\"><a class=\"wp-block-button__link wp-element-button\" href=\"https:\/\/www.fu1838.org\/ca\/biblioteca-digital\/\">Accedeix<\/a><\/div>\n<\/div>\n<\/div>\n<\/div>\n\n\n\n<div class=\"wp-block-column is-layout-flow wp-block-column-is-layout-flow\" style=\"padding-top:0;padding-right:0;padding-bottom:0;padding-left:0;flex-basis:50%\">\n<figure class=\"wp-block-image size-full\"><img loading=\"lazy\" decoding=\"async\" width=\"520\" height=\"450\" src=\"https:\/\/www.fu1838.org\/wp-content\/uploads\/2024\/11\/biblioteca-digital.jpg\" alt=\"\" class=\"wp-image-1527\" srcset=\"https:\/\/www.fu1838.org\/wp-content\/uploads\/2024\/11\/biblioteca-digital.jpg 520w, https:\/\/www.fu1838.org\/wp-content\/uploads\/2024\/11\/biblioteca-digital-300x260.jpg 300w\" sizes=\"auto, (max-width: 520px) 100vw, 520px\" \/><\/figure>\n<\/div>\n<\/div>\n<\/div>\n","protected":false},"excerpt":{"rendered":"<p>Cat\u00e0leg Biblioteca digital La Biblioteca digital de la Fundaci\u00f3 Uriach proporciona acc\u00e9s lliure i gratu\u00eft a molts dels fons de la seva Biblioteca que es troben en proc\u00e9s de digitalitzaci\u00f3.&#13; &#13; En aquesta, podr\u00e0s descobrir algunes de les obres m\u00e9s destacades de la hist\u00f2ria de les ci\u00e8ncies de la salut, entre les quals hi ha [&hellip;]<\/p>\n","protected":false},"author":1,"featured_media":0,"parent":0,"menu_order":0,"comment_status":"closed","ping_status":"closed","template":"","meta":{"_acf_changed":false,"footnotes":""},"class_list":["post-7039","page","type-page","status-publish","hentry"],"acf":[],"yoast_head":"<!-- This site is optimized with the Yoast SEO plugin v24.1 - https:\/\/yoast.com\/wordpress\/plugins\/seo\/ -->\n<title>Biblioteca - Fundaci\u00f3n Uriach<\/title>\n<meta name=\"robots\" content=\"index, follow, max-snippet:-1, max-image-preview:large, max-video-preview:-1\" \/>\n<link rel=\"canonical\" href=\"https:\/\/www.fu1838.org\/ca\/biblioteca\/\" \/>\n<meta property=\"og:locale\" content=\"ca_ES\" \/>\n<meta property=\"og:type\" content=\"article\" \/>\n<meta property=\"og:title\" content=\"Biblioteca - Fundaci\u00f3n Uriach\" \/>\n<meta property=\"og:description\" content=\"Cat\u00e0leg Biblioteca digital La Biblioteca digital de la Fundaci\u00f3 Uriach proporciona acc\u00e9s lliure i gratu\u00eft a molts dels fons de la seva Biblioteca que es troben en proc\u00e9s de digitalitzaci\u00f3.&#013; &#013; En aquesta, podr\u00e0s descobrir algunes de les obres m\u00e9s destacades de la hist\u00f2ria de les ci\u00e8ncies de la salut, entre les quals hi ha [&hellip;]\" \/>\n<meta property=\"og:url\" content=\"https:\/\/www.fu1838.org\/ca\/biblioteca\/\" \/>\n<meta property=\"og:site_name\" content=\"Fundaci\u00f3n Uriach\" \/>\n<meta property=\"article:modified_time\" content=\"2025-07-31T11:49:02+00:00\" \/>\n<meta property=\"og:image\" content=\"https:\/\/www.fu1838.org\/wp-content\/uploads\/2024\/11\/header-biblioteca.jpg\" \/>\n\t<meta property=\"og:image:width\" content=\"1400\" \/>\n\t<meta property=\"og:image:height\" content=\"440\" \/>\n\t<meta property=\"og:image:type\" content=\"image\/jpeg\" \/>\n<meta name=\"twitter:card\" content=\"summary_large_image\" \/>\n<meta name=\"twitter:label1\" content=\"Temps estimat de lectura\" \/>\n\t<meta name=\"twitter:data1\" content=\"2 minuts\" \/>\n<script type=\"application\/ld+json\" class=\"yoast-schema-graph\">{\"@context\":\"https:\/\/schema.org\",\"@graph\":[{\"@type\":\"WebPage\",\"@id\":\"https:\/\/www.fu1838.org\/ca\/biblioteca\/\",\"url\":\"https:\/\/www.fu1838.org\/ca\/biblioteca\/\",\"name\":\"Biblioteca - Fundaci\u00f3n Uriach\",\"isPartOf\":{\"@id\":\"https:\/\/www.fu1838.org\/ca\/#website\"},\"primaryImageOfPage\":{\"@id\":\"https:\/\/www.fu1838.org\/ca\/biblioteca\/#primaryimage\"},\"image\":{\"@id\":\"https:\/\/www.fu1838.org\/ca\/biblioteca\/#primaryimage\"},\"thumbnailUrl\":\"https:\/\/www.fu1838.org\/wp-content\/uploads\/2024\/11\/header-biblioteca.jpg\",\"datePublished\":\"2024-11-19T12:09:49+00:00\",\"dateModified\":\"2025-07-31T11:49:02+00:00\",\"breadcrumb\":{\"@id\":\"https:\/\/www.fu1838.org\/ca\/biblioteca\/#breadcrumb\"},\"inLanguage\":\"ca\",\"potentialAction\":[{\"@type\":\"ReadAction\",\"target\":[\"https:\/\/www.fu1838.org\/ca\/biblioteca\/\"]}]},{\"@type\":\"ImageObject\",\"inLanguage\":\"ca\",\"@id\":\"https:\/\/www.fu1838.org\/ca\/biblioteca\/#primaryimage\",\"url\":\"https:\/\/www.fu1838.org\/wp-content\/uploads\/2024\/11\/header-biblioteca.jpg\",\"contentUrl\":\"https:\/\/www.fu1838.org\/wp-content\/uploads\/2024\/11\/header-biblioteca.jpg\"},{\"@type\":\"BreadcrumbList\",\"@id\":\"https:\/\/www.fu1838.org\/ca\/biblioteca\/#breadcrumb\",\"itemListElement\":[{\"@type\":\"ListItem\",\"position\":1,\"name\":\"Portada\",\"item\":\"https:\/\/www.fu1838.org\/ca\/\"},{\"@type\":\"ListItem\",\"position\":2,\"name\":\"Biblioteca\"}]},{\"@type\":\"WebSite\",\"@id\":\"https:\/\/www.fu1838.org\/ca\/#website\",\"url\":\"https:\/\/www.fu1838.org\/ca\/\",\"name\":\"Fundaci\u00f3n Uriach\",\"description\":\"\",\"potentialAction\":[{\"@type\":\"SearchAction\",\"target\":{\"@type\":\"EntryPoint\",\"urlTemplate\":\"https:\/\/www.fu1838.org\/ca\/?s={search_term_string}\"},\"query-input\":{\"@type\":\"PropertyValueSpecification\",\"valueRequired\":true,\"valueName\":\"search_term_string\"}}],\"inLanguage\":\"ca\"}]}<\/script>\n<!-- \/ Yoast SEO plugin. -->","yoast_head_json":{"title":"Biblioteca - Fundaci\u00f3n Uriach","robots":{"index":"index","follow":"follow","max-snippet":"max-snippet:-1","max-image-preview":"max-image-preview:large","max-video-preview":"max-video-preview:-1"},"canonical":"https:\/\/www.fu1838.org\/ca\/biblioteca\/","og_locale":"ca_ES","og_type":"article","og_title":"Biblioteca - Fundaci\u00f3n Uriach","og_description":"Cat\u00e0leg Biblioteca digital La Biblioteca digital de la Fundaci\u00f3 Uriach proporciona acc\u00e9s lliure i gratu\u00eft a molts dels fons de la seva Biblioteca que es troben en proc\u00e9s de digitalitzaci\u00f3.&#13; &#13; En aquesta, podr\u00e0s descobrir algunes de les obres m\u00e9s destacades de la hist\u00f2ria de les ci\u00e8ncies de la salut, entre les quals hi ha [&hellip;]","og_url":"https:\/\/www.fu1838.org\/ca\/biblioteca\/","og_site_name":"Fundaci\u00f3n Uriach","article_modified_time":"2025-07-31T11:49:02+00:00","og_image":[{"width":1400,"height":440,"url":"https:\/\/www.fu1838.org\/wp-content\/uploads\/2024\/11\/header-biblioteca.jpg","type":"image\/jpeg"}],"twitter_card":"summary_large_image","twitter_misc":{"Temps estimat de lectura":"2 minuts"},"schema":{"@context":"https:\/\/schema.org","@graph":[{"@type":"WebPage","@id":"https:\/\/www.fu1838.org\/ca\/biblioteca\/","url":"https:\/\/www.fu1838.org\/ca\/biblioteca\/","name":"Biblioteca - Fundaci\u00f3n Uriach","isPartOf":{"@id":"https:\/\/www.fu1838.org\/ca\/#website"},"primaryImageOfPage":{"@id":"https:\/\/www.fu1838.org\/ca\/biblioteca\/#primaryimage"},"image":{"@id":"https:\/\/www.fu1838.org\/ca\/biblioteca\/#primaryimage"},"thumbnailUrl":"https:\/\/www.fu1838.org\/wp-content\/uploads\/2024\/11\/header-biblioteca.jpg","datePublished":"2024-11-19T12:09:49+00:00","dateModified":"2025-07-31T11:49:02+00:00","breadcrumb":{"@id":"https:\/\/www.fu1838.org\/ca\/biblioteca\/#breadcrumb"},"inLanguage":"ca","potentialAction":[{"@type":"ReadAction","target":["https:\/\/www.fu1838.org\/ca\/biblioteca\/"]}]},{"@type":"ImageObject","inLanguage":"ca","@id":"https:\/\/www.fu1838.org\/ca\/biblioteca\/#primaryimage","url":"https:\/\/www.fu1838.org\/wp-content\/uploads\/2024\/11\/header-biblioteca.jpg","contentUrl":"https:\/\/www.fu1838.org\/wp-content\/uploads\/2024\/11\/header-biblioteca.jpg"},{"@type":"BreadcrumbList","@id":"https:\/\/www.fu1838.org\/ca\/biblioteca\/#breadcrumb","itemListElement":[{"@type":"ListItem","position":1,"name":"Portada","item":"https:\/\/www.fu1838.org\/ca\/"},{"@type":"ListItem","position":2,"name":"Biblioteca"}]},{"@type":"WebSite","@id":"https:\/\/www.fu1838.org\/ca\/#website","url":"https:\/\/www.fu1838.org\/ca\/","name":"Fundaci\u00f3n Uriach","description":"","potentialAction":[{"@type":"SearchAction","target":{"@type":"EntryPoint","urlTemplate":"https:\/\/www.fu1838.org\/ca\/?s={search_term_string}"},"query-input":{"@type":"PropertyValueSpecification","valueRequired":true,"valueName":"search_term_string"}}],"inLanguage":"ca"}]}},"_links":{"self":[{"href":"https:\/\/www.fu1838.org\/ca\/wp-json\/wp\/v2\/pages\/7039","targetHints":{"allow":["GET"]}}],"collection":[{"href":"https:\/\/www.fu1838.org\/ca\/wp-json\/wp\/v2\/pages"}],"about":[{"href":"https:\/\/www.fu1838.org\/ca\/wp-json\/wp\/v2\/types\/page"}],"author":[{"embeddable":true,"href":"https:\/\/www.fu1838.org\/ca\/wp-json\/wp\/v2\/users\/1"}],"replies":[{"embeddable":true,"href":"https:\/\/www.fu1838.org\/ca\/wp-json\/wp\/v2\/comments?post=7039"}],"version-history":[{"count":3,"href":"https:\/\/www.fu1838.org\/ca\/wp-json\/wp\/v2\/pages\/7039\/revisions"}],"predecessor-version":[{"id":165213,"href":"https:\/\/www.fu1838.org\/ca\/wp-json\/wp\/v2\/pages\/7039\/revisions\/165213"}],"wp:attachment":[{"href":"https:\/\/www.fu1838.org\/ca\/wp-json\/wp\/v2\/media?parent=7039"}],"curies":[{"name":"wp","href":"https:\/\/api.w.org\/{rel}","templated":true}]}}