{"id":7041,"date":"2024-11-21T12:49:22","date_gmt":"2024-11-21T11:49:22","guid":{"rendered":"https:\/\/www.fu1838.org\/biblioteca-digital\/"},"modified":"2025-07-21T10:06:48","modified_gmt":"2025-07-21T08:06:48","slug":"biblioteca-digital","status":"publish","type":"page","link":"https:\/\/www.fu1838.org\/ca\/biblioteca-digital\/","title":{"rendered":"Biblioteca digital"},"content":{"rendered":"\n<div class=\"wp-block-group alignfull has-global-padding is-layout-constrained wp-block-group-is-layout-constrained\"><\/div>\r\n\n<div class=\"wp-block-group alignfull has-global-padding is-layout-constrained wp-block-group-is-layout-constrained\" style=\"margin-top:0;padding-top:var(--wp--preset--spacing--40);padding-bottom:0\">\n<h2 class=\"wp-block-heading alignwide uriach-heading\">Biblioteca digital<\/h2>\n\n\n\n<p class=\"alignwide\">Accedeix al material digitalitzat disponible a trav\u00e9s de les seg\u00fcents categories, disposades segons el segle de publicaci\u00f3 de documents monogr\u00e0fics i hemeroteca, aix\u00ed com al material gr\u00e0fic.<\/p>\n<\/div>\n\n<div class=\"wp-block-group alignwide has-global-padding is-layout-constrained wp-block-group-is-layout-constrained\">\n<h2 class=\"wp-block-heading alignwide has-custom-azul-color has-text-color has-link-color has-x-large-font-size wp-elements-a508ca75d8b8723a87b9b1fa05134142\">Monografies<\/h2>\n\n\n\n<div class=\"wp-block-group alignwide is-layout-flow wp-block-group-is-layout-flow\"><div class=\"uriach-grid-biblioteca-digital uriach-grid-biblioteca-digital-monografias\"><div class=\"uriach-grid-biblioteca-digital-category-78\"><div class=\"uriach-grid-biblioteca-digital-image\"><a href=\"https:\/\/www.fu1838.org\/ca\/categorias-biblioteca-digital\/segle-xv\/\"><img decoding=\"async\" src=\"https:\/\/www.fu1838.org\/wp-content\/uploads\/2024\/12\/Portada-seccion-siglo-XV_tiny.jpg\" \/><\/a><\/div><div class=\"uriach-grid-biblioteca-digital-name\"><a href=\"https:\/\/www.fu1838.org\/ca\/categorias-biblioteca-digital\/segle-xv\/\">Segle XV<\/a><\/div><\/div><div class=\"uriach-grid-biblioteca-digital-category-82\"><div class=\"uriach-grid-biblioteca-digital-image\"><a href=\"https:\/\/www.fu1838.org\/ca\/categorias-biblioteca-digital\/segle-xvi\/\"><img decoding=\"async\" src=\"https:\/\/www.fu1838.org\/wp-content\/uploads\/2024\/11\/monografias-xvi-1.jpg\" \/><\/a><\/div><div class=\"uriach-grid-biblioteca-digital-name\"><a href=\"https:\/\/www.fu1838.org\/ca\/categorias-biblioteca-digital\/segle-xvi\/\">Segle XVI<\/a><\/div><\/div><div class=\"uriach-grid-biblioteca-digital-category-81\"><div class=\"uriach-grid-biblioteca-digital-image\"><a href=\"https:\/\/www.fu1838.org\/ca\/categorias-biblioteca-digital\/segle-xvii\/\"><img decoding=\"async\" src=\"https:\/\/www.fu1838.org\/wp-content\/uploads\/2024\/12\/Portada-seccion-siglo-XVII_tiny2-1.jpg\" \/><\/a><\/div><div class=\"uriach-grid-biblioteca-digital-name\"><a href=\"https:\/\/www.fu1838.org\/ca\/categorias-biblioteca-digital\/segle-xvii\/\">Segle XVII<\/a><\/div><\/div><div class=\"uriach-grid-biblioteca-digital-category-85\"><div class=\"uriach-grid-biblioteca-digital-image\"><a href=\"https:\/\/www.fu1838.org\/ca\/categorias-biblioteca-digital\/segle-xviii\/\"><img decoding=\"async\" src=\"https:\/\/www.fu1838.org\/wp-content\/uploads\/2024\/12\/Portada-seccion-siglo-XVIII_tiny-2.jpg\" \/><\/a><\/div><div class=\"uriach-grid-biblioteca-digital-name\"><a href=\"https:\/\/www.fu1838.org\/ca\/categorias-biblioteca-digital\/segle-xviii\/\">Segle XVIII<\/a><\/div><\/div><div class=\"uriach-grid-biblioteca-digital-category-83\"><div class=\"uriach-grid-biblioteca-digital-image\"><a href=\"https:\/\/www.fu1838.org\/ca\/categorias-biblioteca-digital\/segle-xix-ca\/\"><img decoding=\"async\" src=\"https:\/\/www.fu1838.org\/wp-content\/uploads\/2024\/12\/Portada-seccion-siglo-XIX_tiny-1.jpg\" \/><\/a><\/div><div class=\"uriach-grid-biblioteca-digital-name\"><a href=\"https:\/\/www.fu1838.org\/ca\/categorias-biblioteca-digital\/segle-xix-ca\/\">Segle XIX<\/a><\/div><\/div><div class=\"uriach-grid-biblioteca-digital-category-92\"><div class=\"uriach-grid-biblioteca-digital-image\"><a href=\"https:\/\/www.fu1838.org\/ca\/categorias-biblioteca-digital\/segle-xx\/\"><img decoding=\"async\" src=\"https:\/\/www.fu1838.org\/wp-content\/uploads\/2024\/12\/Portada-seccion-siglo-XX_tiny.jpg\" \/><\/a><\/div><div class=\"uriach-grid-biblioteca-digital-name\"><a href=\"https:\/\/www.fu1838.org\/ca\/categorias-biblioteca-digital\/segle-xx\/\">Segle XX<\/a><\/div><\/div><\/div>\n<\/div>\n<\/div>\n\n<div class=\"wp-block-group alignwide is-layout-flow wp-block-group-is-layout-flow\" style=\"margin-bottom:var(--wp--preset--spacing--40)\">\n<h2 class=\"wp-block-heading alignwide has-custom-azul-color has-text-color has-link-color has-x-large-font-size wp-elements-200bb2b7c08c1da035902dbe9efc8a2f\">Hemeroteca<\/h2>\n\n\n<div class=\"uriach-grid-biblioteca-digital uriach-grid-biblioteca-digital-hemeroteca\"><div class=\"uriach-grid-biblioteca-digital-category-80\"><div class=\"uriach-grid-biblioteca-digital-image\"><a href=\"https:\/\/www.fu1838.org\/ca\/categorias-biblioteca-digital\/hemeroteca-segle-xix\/\"><img decoding=\"async\" src=\"https:\/\/www.fu1838.org\/wp-content\/uploads\/2024\/11\/hemeroteca-xix-1.jpg\" \/><\/a><\/div><div class=\"uriach-grid-biblioteca-digital-name\"><a href=\"https:\/\/www.fu1838.org\/ca\/categorias-biblioteca-digital\/hemeroteca-segle-xix\/\">Segle XIX<\/a><\/div><\/div><div class=\"uriach-grid-biblioteca-digital-category-84\"><div class=\"uriach-grid-biblioteca-digital-image\"><a href=\"https:\/\/www.fu1838.org\/ca\/categorias-biblioteca-digital\/hemeroteca-segle-xx\/\"><img decoding=\"async\" src=\"https:\/\/www.fu1838.org\/wp-content\/uploads\/2024\/11\/hemeroteca-xx-1.jpg\" \/><\/a><\/div><div class=\"uriach-grid-biblioteca-digital-name\"><a href=\"https:\/\/www.fu1838.org\/ca\/categorias-biblioteca-digital\/hemeroteca-segle-xx\/\">Segle XX<\/a><\/div><\/div><\/div>\n<\/div>\n","protected":false},"excerpt":{"rendered":"<p>Biblioteca digital Accedeix al material digitalitzat disponible a trav\u00e9s de les seg\u00fcents categories, disposades segons el segle de publicaci\u00f3 de documents monogr\u00e0fics i hemeroteca, aix\u00ed com al material gr\u00e0fic. Monografies Hemeroteca<\/p>\n","protected":false},"author":1,"featured_media":0,"parent":0,"menu_order":0,"comment_status":"closed","ping_status":"closed","template":"","meta":{"_acf_changed":false,"footnotes":""},"class_list":["post-7041","page","type-page","status-publish","hentry"],"acf":[],"yoast_head":"<!-- This site is optimized with the Yoast SEO plugin v24.1 - https:\/\/yoast.com\/wordpress\/plugins\/seo\/ -->\n<title>Biblioteca digital - Fundaci\u00f3n Uriach<\/title>\n<meta name=\"robots\" content=\"index, follow, max-snippet:-1, max-image-preview:large, max-video-preview:-1\" \/>\n<link rel=\"canonical\" href=\"https:\/\/www.fu1838.org\/ca\/biblioteca-digital\/\" \/>\n<meta property=\"og:locale\" content=\"ca_ES\" \/>\n<meta property=\"og:type\" content=\"article\" \/>\n<meta property=\"og:title\" content=\"Biblioteca digital - Fundaci\u00f3n Uriach\" \/>\n<meta property=\"og:description\" content=\"Biblioteca digital Accedeix al material digitalitzat disponible a trav\u00e9s de les seg\u00fcents categories, disposades segons el segle de publicaci\u00f3 de documents monogr\u00e0fics i hemeroteca, aix\u00ed com al material gr\u00e0fic. Monografies Hemeroteca\" \/>\n<meta property=\"og:url\" content=\"https:\/\/www.fu1838.org\/ca\/biblioteca-digital\/\" \/>\n<meta property=\"og:site_name\" content=\"Fundaci\u00f3n Uriach\" \/>\n<meta property=\"article:modified_time\" content=\"2025-07-21T08:06:48+00:00\" \/>\n<meta name=\"twitter:card\" content=\"summary_large_image\" \/>\n<meta name=\"twitter:label1\" content=\"Temps estimat de lectura\" \/>\n\t<meta name=\"twitter:data1\" content=\"1 minut\" \/>\n<script type=\"application\/ld+json\" class=\"yoast-schema-graph\">{\"@context\":\"https:\/\/schema.org\",\"@graph\":[{\"@type\":\"WebPage\",\"@id\":\"https:\/\/www.fu1838.org\/ca\/biblioteca-digital\/\",\"url\":\"https:\/\/www.fu1838.org\/ca\/biblioteca-digital\/\",\"name\":\"Biblioteca digital - Fundaci\u00f3n Uriach\",\"isPartOf\":{\"@id\":\"https:\/\/www.fu1838.org\/ca\/#website\"},\"datePublished\":\"2024-11-21T11:49:22+00:00\",\"dateModified\":\"2025-07-21T08:06:48+00:00\",\"breadcrumb\":{\"@id\":\"https:\/\/www.fu1838.org\/ca\/biblioteca-digital\/#breadcrumb\"},\"inLanguage\":\"ca\",\"potentialAction\":[{\"@type\":\"ReadAction\",\"target\":[\"https:\/\/www.fu1838.org\/ca\/biblioteca-digital\/\"]}]},{\"@type\":\"BreadcrumbList\",\"@id\":\"https:\/\/www.fu1838.org\/ca\/biblioteca-digital\/#breadcrumb\",\"itemListElement\":[{\"@type\":\"ListItem\",\"position\":1,\"name\":\"Portada\",\"item\":\"https:\/\/www.fu1838.org\/ca\/\"},{\"@type\":\"ListItem\",\"position\":2,\"name\":\"Biblioteca digital\"}]},{\"@type\":\"WebSite\",\"@id\":\"https:\/\/www.fu1838.org\/ca\/#website\",\"url\":\"https:\/\/www.fu1838.org\/ca\/\",\"name\":\"Fundaci\u00f3n Uriach\",\"description\":\"\",\"potentialAction\":[{\"@type\":\"SearchAction\",\"target\":{\"@type\":\"EntryPoint\",\"urlTemplate\":\"https:\/\/www.fu1838.org\/ca\/?s={search_term_string}\"},\"query-input\":{\"@type\":\"PropertyValueSpecification\",\"valueRequired\":true,\"valueName\":\"search_term_string\"}}],\"inLanguage\":\"ca\"}]}<\/script>\n<!-- \/ Yoast SEO plugin. -->","yoast_head_json":{"title":"Biblioteca digital - Fundaci\u00f3n Uriach","robots":{"index":"index","follow":"follow","max-snippet":"max-snippet:-1","max-image-preview":"max-image-preview:large","max-video-preview":"max-video-preview:-1"},"canonical":"https:\/\/www.fu1838.org\/ca\/biblioteca-digital\/","og_locale":"ca_ES","og_type":"article","og_title":"Biblioteca digital - Fundaci\u00f3n Uriach","og_description":"Biblioteca digital Accedeix al material digitalitzat disponible a trav\u00e9s de les seg\u00fcents categories, disposades segons el segle de publicaci\u00f3 de documents monogr\u00e0fics i hemeroteca, aix\u00ed com al material gr\u00e0fic. Monografies Hemeroteca","og_url":"https:\/\/www.fu1838.org\/ca\/biblioteca-digital\/","og_site_name":"Fundaci\u00f3n Uriach","article_modified_time":"2025-07-21T08:06:48+00:00","twitter_card":"summary_large_image","twitter_misc":{"Temps estimat de lectura":"1 minut"},"schema":{"@context":"https:\/\/schema.org","@graph":[{"@type":"WebPage","@id":"https:\/\/www.fu1838.org\/ca\/biblioteca-digital\/","url":"https:\/\/www.fu1838.org\/ca\/biblioteca-digital\/","name":"Biblioteca digital - Fundaci\u00f3n Uriach","isPartOf":{"@id":"https:\/\/www.fu1838.org\/ca\/#website"},"datePublished":"2024-11-21T11:49:22+00:00","dateModified":"2025-07-21T08:06:48+00:00","breadcrumb":{"@id":"https:\/\/www.fu1838.org\/ca\/biblioteca-digital\/#breadcrumb"},"inLanguage":"ca","potentialAction":[{"@type":"ReadAction","target":["https:\/\/www.fu1838.org\/ca\/biblioteca-digital\/"]}]},{"@type":"BreadcrumbList","@id":"https:\/\/www.fu1838.org\/ca\/biblioteca-digital\/#breadcrumb","itemListElement":[{"@type":"ListItem","position":1,"name":"Portada","item":"https:\/\/www.fu1838.org\/ca\/"},{"@type":"ListItem","position":2,"name":"Biblioteca digital"}]},{"@type":"WebSite","@id":"https:\/\/www.fu1838.org\/ca\/#website","url":"https:\/\/www.fu1838.org\/ca\/","name":"Fundaci\u00f3n Uriach","description":"","potentialAction":[{"@type":"SearchAction","target":{"@type":"EntryPoint","urlTemplate":"https:\/\/www.fu1838.org\/ca\/?s={search_term_string}"},"query-input":{"@type":"PropertyValueSpecification","valueRequired":true,"valueName":"search_term_string"}}],"inLanguage":"ca"}]}},"_links":{"self":[{"href":"https:\/\/www.fu1838.org\/ca\/wp-json\/wp\/v2\/pages\/7041","targetHints":{"allow":["GET"]}}],"collection":[{"href":"https:\/\/www.fu1838.org\/ca\/wp-json\/wp\/v2\/pages"}],"about":[{"href":"https:\/\/www.fu1838.org\/ca\/wp-json\/wp\/v2\/types\/page"}],"author":[{"embeddable":true,"href":"https:\/\/www.fu1838.org\/ca\/wp-json\/wp\/v2\/users\/1"}],"replies":[{"embeddable":true,"href":"https:\/\/www.fu1838.org\/ca\/wp-json\/wp\/v2\/comments?post=7041"}],"version-history":[{"count":3,"href":"https:\/\/www.fu1838.org\/ca\/wp-json\/wp\/v2\/pages\/7041\/revisions"}],"predecessor-version":[{"id":141934,"href":"https:\/\/www.fu1838.org\/ca\/wp-json\/wp\/v2\/pages\/7041\/revisions\/141934"}],"wp:attachment":[{"href":"https:\/\/www.fu1838.org\/ca\/wp-json\/wp\/v2\/media?parent=7041"}],"curies":[{"name":"wp","href":"https:\/\/api.w.org\/{rel}","templated":true}]}}