{"id":7054,"date":"2024-11-19T13:13:55","date_gmt":"2024-11-19T12:13:55","guid":{"rendered":"https:\/\/www.fu1838.org\/obres-dart\/"},"modified":"2025-03-03T16:28:27","modified_gmt":"2025-03-03T15:28:27","slug":"obres-dart","status":"publish","type":"page","link":"https:\/\/www.fu1838.org\/ca\/obres-dart\/","title":{"rendered":"Obres d&#8217;art"},"content":{"rendered":"\n<div class=\"wp-block-group alignfull has-global-padding is-layout-constrained wp-block-group-is-layout-constrained\">\n<div class=\"wp-block-cover alignfull uriach-header-block-cover\" style=\"padding-top:0;padding-right:0;padding-bottom:0;padding-left:0\"><span aria-hidden=\"true\" class=\"wp-block-cover__background has-background-dim-0 has-background-dim\" style=\"background-color:#5d819e\"><\/span><img loading=\"lazy\" decoding=\"async\" width=\"1400\" height=\"440\" class=\"wp-block-cover__image-background wp-image-459\" alt=\"\" src=\"https:\/\/www.fu1838.org\/wp-content\/uploads\/2024\/11\/header-obras-de-arte.jpg\" data-object-fit=\"cover\" srcset=\"https:\/\/www.fu1838.org\/wp-content\/uploads\/2024\/11\/header-obras-de-arte.jpg?v=1734961451 1400w, https:\/\/www.fu1838.org\/wp-content\/uploads\/2024\/11\/header-obras-de-arte-300x94.jpg?v=1734961451 300w, https:\/\/www.fu1838.org\/wp-content\/uploads\/2024\/11\/header-obras-de-arte-1024x322.jpg?v=1734961451 1024w, https:\/\/www.fu1838.org\/wp-content\/uploads\/2024\/11\/header-obras-de-arte-768x241.jpg?v=1734961451 768w\" sizes=\"auto, (max-width: 1400px) 100vw, 1400px\" \/><div class=\"wp-block-cover__inner-container has-global-padding is-layout-constrained wp-container-core-cover-is-layout-c06d165c wp-block-cover-is-layout-constrained\">\n<div class=\"wp-block-columns alignfull is-layout-flex wp-container-core-columns-is-layout-28f84493 wp-block-columns-is-layout-flex\">\n<div class=\"wp-block-column has-base-2-color has-text-color has-background has-link-color wp-elements-577492c1f953ff10d27d8ca65610054a is-layout-flow wp-block-column-is-layout-flow\" style=\"background-color:#005ce5cc;padding-top:var(--wp--preset--spacing--40);padding-right:var(--wp--preset--spacing--20);padding-bottom:var(--wp--preset--spacing--40)\">\n<div class=\"wp-block-group uriach-header-block-cover-content has-global-padding is-layout-constrained wp-block-group-is-layout-constrained\">\n<h1 class=\"wp-block-heading\">Obres d&#8217;art<\/h1>\n\n\n\n<p class=\"has-text-align-left\">El patrimoni de la Fundaci\u00f3 Uriach es completa amb un conjunt d&#8217;obres d&#8217;art d&#8217;alguns dels artistes m\u00e9s destacats del pa\u00eds. Una col\u00b7lecci\u00f3 que contribueix a la conservaci\u00f3 i difusi\u00f3 de l&#8217;art al nostre pa\u00eds.<\/p>\n<\/div>\n<\/div>\n\n\n\n<div class=\"wp-block-column is-layout-flow wp-block-column-is-layout-flow\"><\/div>\n<\/div>\n<\/div><\/div>\n<\/div>\n\n<div class=\"wp-block-group alignwide has-global-padding is-content-justification-center is-layout-constrained wp-block-group-is-layout-constrained\" style=\"margin-top:0;padding-top:var(--wp--preset--spacing--40);padding-bottom:var(--wp--preset--spacing--40)\">\n<div class=\"wp-block-query alignwide is-layout-flow wp-block-query-is-layout-flow\">\n\n<ul class=\"wp-block-post-template is-layout-flow wp-block-post-template-is-layout-flow\"><li class=\"wp-block-post post-7062 obras-arte type-obras-arte status-publish hentry\">\n<h2 style=\"font-style:normal;font-weight:700; margin-bottom:0;\" class=\"has-link-color wp-elements-95eccdd44ce878b95e9bd223c7738513 wp-block-post-title has-text-color has-custom-azul-color has-large-font-size\">Josep Guinovart i Bertran, 1927\u20132007<\/h2>\n\n<div class=\"custom-field-obras-subtitulo\">Bidons, 2002 (ferro)<\/div>\n\n<div style=\"padding-top:var(--wp--preset--spacing--10);\" class=\"entry-content wp-block-post-content is-layout-flow wp-block-post-content-is-layout-flow\">\n<p>Conjunt de sis torres escult\u00f2riques realitzades amb bidons met\u00e0l\u00b7lics industrials. Cada torre, composta per aproximadament vuit bidons, est\u00e0 pintada de color blanc o blau i presenta dibuixos i forats amb formes org\u00e0niques, fet que les fa \u00faniques.<\/p>\n<\/div>\n\n<div class=\"uriach-gallery alignfull custom-field-obras-galeria custom-field-obras-galeria-3\"><div class=\"uriach-gallery-item\"><a href=\"https:\/\/www.fu1838.org\/wp-content\/uploads\/2024\/11\/ObrasArte_01_a.jpg\" data-dimbox=\"gallery_7062\"><img decoding=\"async\" src=\"https:\/\/www.fu1838.org\/wp-content\/uploads\/2024\/11\/ObrasArte_01_a.jpg\" ><\/a><\/div><div class=\"uriach-gallery-item\"><a href=\"https:\/\/www.fu1838.org\/wp-content\/uploads\/2024\/11\/ObrasArte_01_b.jpg?v=1736424495\" data-dimbox=\"gallery_7062\"><img decoding=\"async\" src=\"https:\/\/www.fu1838.org\/wp-content\/uploads\/2024\/11\/ObrasArte_01_b.jpg?v=1736424495\" ><\/a><\/div><div class=\"uriach-gallery-item\"><a href=\"https:\/\/www.fu1838.org\/wp-content\/uploads\/2024\/11\/ObrasArte_01_c.jpg?v=1736424494\" data-dimbox=\"gallery_7062\"><img decoding=\"async\" src=\"https:\/\/www.fu1838.org\/wp-content\/uploads\/2024\/11\/ObrasArte_01_c.jpg?v=1736424494\" ><\/a><\/div><\/div>\n<\/li><li class=\"wp-block-post post-7063 obras-arte type-obras-arte status-publish hentry\">\n<h2 style=\"font-style:normal;font-weight:700; margin-bottom:0;\" class=\"has-link-color wp-elements-95eccdd44ce878b95e9bd223c7738513 wp-block-post-title has-text-color has-custom-azul-color has-large-font-size\">Josep Guinovart i Bertran, 1927\u20132007<\/h2>\n\n<div class=\"custom-field-obras-subtitulo\">La Farm\u00e0cia, 1959 (oli sobre guix)<\/div>\n\n<div style=\"padding-top:var(--wp--preset--spacing--10);\" class=\"entry-content wp-block-post-content is-layout-flow wp-block-post-content-is-layout-flow\">\n<p>Mural de gran format que representa el cicle de vida d&#8217;un producte per a la salut, des dels seus or\u00edgens als camps de cultiu fins al seu processament i elaboraci\u00f3 per part de la ind\u00fastria. Creat ad hoc per a Uriach, aquesta \u00e9s una de les \u00faltimes obres figuratives de l&#8217;autor abans de la seva transici\u00f3 cap a l&#8217;abstracci\u00f3.<\/p>\n<\/div>\n\n<div class=\"uriach-gallery alignfull custom-field-obras-galeria custom-field-obras-galeria-2\"><div class=\"uriach-gallery-item\"><a href=\"https:\/\/www.fu1838.org\/wp-content\/uploads\/2024\/11\/ObrasArte_02_a.jpg?v=1736424497\" data-dimbox=\"gallery_7063\"><img decoding=\"async\" src=\"https:\/\/www.fu1838.org\/wp-content\/uploads\/2024\/11\/ObrasArte_02_a.jpg?v=1736424497\" ><\/a><\/div><div class=\"uriach-gallery-item\"><a href=\"https:\/\/www.fu1838.org\/wp-content\/uploads\/2024\/11\/ObrasArte_02_b.jpg?v=1736424496\" data-dimbox=\"gallery_7063\"><img decoding=\"async\" src=\"https:\/\/www.fu1838.org\/wp-content\/uploads\/2024\/11\/ObrasArte_02_b.jpg?v=1736424496\" ><\/a><\/div><\/div>\n<\/li><li class=\"wp-block-post post-7064 obras-arte type-obras-arte status-publish hentry\">\n<h2 style=\"font-style:normal;font-weight:700; margin-bottom:0;\" class=\"has-link-color wp-elements-95eccdd44ce878b95e9bd223c7738513 wp-block-post-title has-text-color has-custom-azul-color has-large-font-size\">Josep Guinovart i Bertran, 1927\u20132007<\/h2>\n\n<div class=\"custom-field-obras-subtitulo\">El Pou, 2002 (fusta i guix)<\/div>\n\n<div style=\"padding-top:var(--wp--preset--spacing--10);\" class=\"entry-content wp-block-post-content is-layout-flow wp-block-post-content-is-layout-flow\">\n<p>Estructura de fang, realitzada en fusta i guix, amb dos miralls al seu interior, un al terra i un altre al sostre, que creen un efecte d&#8217;infinit. Aquesta obra va ser definida per l&#8217;autor com &#8220;(\u2026) \u00e9s tota una experi\u00e8ncia mirar al fons del pou\u201d.<\/p>\n<\/div>\n\n<div class=\"uriach-gallery alignfull custom-field-obras-galeria custom-field-obras-galeria-2\"><div class=\"uriach-gallery-item\"><a href=\"https:\/\/www.fu1838.org\/wp-content\/uploads\/2024\/11\/ObrasArte_03_a-scaled.jpg?v=1736424501\" data-dimbox=\"gallery_7064\"><img decoding=\"async\" src=\"https:\/\/www.fu1838.org\/wp-content\/uploads\/2024\/11\/ObrasArte_03_a-scaled.jpg?v=1736424501\" ><\/a><\/div><div class=\"uriach-gallery-item\"><a href=\"https:\/\/www.fu1838.org\/wp-content\/uploads\/2024\/11\/ObrasArte_03_b-scaled.jpg?v=1736424499\" data-dimbox=\"gallery_7064\"><img decoding=\"async\" src=\"https:\/\/www.fu1838.org\/wp-content\/uploads\/2024\/11\/ObrasArte_03_b-scaled.jpg?v=1736424499\" ><\/a><\/div><\/div>\n<\/li><li class=\"wp-block-post post-7065 obras-arte type-obras-arte status-publish hentry\">\n<h2 style=\"font-style:normal;font-weight:700; margin-bottom:0;\" class=\"has-link-color wp-elements-95eccdd44ce878b95e9bd223c7738513 wp-block-post-title has-text-color has-custom-azul-color has-large-font-size\">Josep Maria Subirachs i Sitjar, 1927-2014<\/h2>\n\n<div class=\"custom-field-obras-subtitulo\">Bios, 1969 (bronze)<\/div>\n\n<div style=\"padding-top:var(--wp--preset--spacing--10);\" class=\"entry-content wp-block-post-content is-layout-flow wp-block-post-content-is-layout-flow\">\n<p>Escultura en bronze que representa, de manera al\u00b7leg\u00f2rica, elements relacionats amb la salut provinents de diferents pa\u00efsos i cultures. Una obra creada per a la seva exhibici\u00f3 a les instal\u00b7lacions de la companyia, que connecta Uriach amb l&#8217;art, la medicina, la qu\u00edmica i amb l\u2019home i la dona.<\/p>\n\n<p><\/p>\n<\/div>\n\n<div class=\"uriach-gallery alignfull custom-field-obras-galeria custom-field-obras-galeria-3\"><div class=\"uriach-gallery-item\"><a href=\"https:\/\/www.fu1838.org\/wp-content\/uploads\/2024\/11\/ObrasArte_04_a.jpg?v=1736424512\" data-dimbox=\"gallery_7065\"><img decoding=\"async\" src=\"https:\/\/www.fu1838.org\/wp-content\/uploads\/2024\/11\/ObrasArte_04_a.jpg?v=1736424512\" ><\/a><\/div><div class=\"uriach-gallery-item\"><a href=\"https:\/\/www.fu1838.org\/wp-content\/uploads\/2024\/11\/ObrasArte_04_b-scaled.jpg?v=1736424515\" data-dimbox=\"gallery_7065\"><img decoding=\"async\" src=\"https:\/\/www.fu1838.org\/wp-content\/uploads\/2024\/11\/ObrasArte_04_b-scaled.jpg?v=1736424515\" ><\/a><\/div><div class=\"uriach-gallery-item\"><a href=\"https:\/\/www.fu1838.org\/wp-content\/uploads\/2024\/11\/ObrasArte_04_c-scaled.jpg?v=1736424519\" data-dimbox=\"gallery_7065\"><img decoding=\"async\" src=\"https:\/\/www.fu1838.org\/wp-content\/uploads\/2024\/11\/ObrasArte_04_c-scaled.jpg?v=1736424519\" ><\/a><\/div><\/div>\n<\/li><li class=\"wp-block-post post-7066 obras-arte type-obras-arte status-publish hentry\">\n<h2 style=\"font-style:normal;font-weight:700; margin-bottom:0;\" class=\"has-link-color wp-elements-95eccdd44ce878b95e9bd223c7738513 wp-block-post-title has-text-color has-custom-azul-color has-large-font-size\">Josep Maria Subirachs i Sitjar, 1927-2014<\/h2>\n\n<div class=\"custom-field-obras-subtitulo\">JUM, 1998 (bronze)<\/div>\n\n<div style=\"padding-top:var(--wp--preset--spacing--10);\" class=\"entry-content wp-block-post-content is-layout-flow wp-block-post-content-is-layout-flow\">\n<p>Escultura en bronze del bust del Doctor Joan Uriach i Marsal, quarta generaci\u00f3 de la fam\u00edlia Uriach a la companyia. Realitzada per Subirachs, est\u00e0 col\u00b7locada sobre un pedestal de fusta creat per Pere Casanovas per a la seva exhibici\u00f3 a la sala de juntes.<\/p>\n<\/div>\n\n<div class=\"uriach-gallery alignfull custom-field-obras-galeria custom-field-obras-galeria-3\"><div class=\"uriach-gallery-item\"><a href=\"https:\/\/www.fu1838.org\/wp-content\/uploads\/2024\/11\/ObrasArte_05_a-scaled.jpg?v=1736424483\" data-dimbox=\"gallery_7066\"><img decoding=\"async\" src=\"https:\/\/www.fu1838.org\/wp-content\/uploads\/2024\/11\/ObrasArte_05_a-scaled.jpg?v=1736424483\" ><\/a><\/div><div class=\"uriach-gallery-item\"><a href=\"https:\/\/www.fu1838.org\/wp-content\/uploads\/2024\/11\/ObrasArte_05_b-scaled.jpg?v=1736424481\" data-dimbox=\"gallery_7066\"><img decoding=\"async\" src=\"https:\/\/www.fu1838.org\/wp-content\/uploads\/2024\/11\/ObrasArte_05_b-scaled.jpg?v=1736424481\" ><\/a><\/div><div class=\"uriach-gallery-item\"><a href=\"https:\/\/www.fu1838.org\/wp-content\/uploads\/2024\/11\/ObrasArte_05_c-scaled.jpg?v=1736424493\" data-dimbox=\"gallery_7066\"><img decoding=\"async\" src=\"https:\/\/www.fu1838.org\/wp-content\/uploads\/2024\/11\/ObrasArte_05_c-scaled.jpg?v=1736424493\" ><\/a><\/div><\/div>\n<\/li><\/ul>\n\n\n<div style=\"height:var(--wp--preset--spacing--40)\" aria-hidden=\"true\" class=\"wp-block-spacer\"><\/div>\n\n\n<nav class=\"wp-block-query-pagination is-content-justification-center is-nowrap is-layout-flex wp-container-core-query-pagination-is-layout-12a27398 wp-block-query-pagination-is-layout-flex\" aria-label=\"Paginaci\u00f3\">\n\n\n<div class=\"wp-block-query-pagination-numbers\"><span aria-current=\"page\" class=\"page-numbers current\">1<\/span>\n<a class=\"page-numbers\" href=\"?query-1-page=2\">2<\/a>\n<a class=\"page-numbers\" href=\"?query-1-page=3\">3<\/a>\n<a class=\"page-numbers\" href=\"?query-1-page=4\">4<\/a><\/div>\n\n<a href=\"\/ca\/wp-json\/wp\/v2\/pages\/7054?query-1-page=2\" class=\"wp-block-query-pagination-next\" aria-label=\"P\u00e0gina seg\u00fcent\"><span class='wp-block-query-pagination-next-arrow is-arrow-arrow' aria-hidden='true'>\u2192<\/span><\/a>\n<\/nav><\/div>\n<\/div>\n","protected":false},"excerpt":{"rendered":"","protected":false},"author":1,"featured_media":0,"parent":0,"menu_order":0,"comment_status":"closed","ping_status":"closed","template":"","meta":{"_acf_changed":false,"footnotes":""},"class_list":["post-7054","page","type-page","status-publish","hentry"],"acf":[],"yoast_head":"<!-- This site is optimized with the Yoast SEO plugin v24.1 - https:\/\/yoast.com\/wordpress\/plugins\/seo\/ -->\n<title>Obres d&#039;art - Fundaci\u00f3n Uriach<\/title>\n<meta name=\"robots\" content=\"index, follow, max-snippet:-1, max-image-preview:large, max-video-preview:-1\" \/>\n<link rel=\"canonical\" href=\"https:\/\/www.fu1838.org\/ca\/obres-dart\/\" \/>\n<link rel=\"next\" href=\"https:\/\/www.fu1838.org\/ca\/obres-dart\/ca\/wp-json\/wp\/v2\/pages\/7054\/?query-1-page=2\" \/>\n<meta property=\"og:locale\" content=\"ca_ES\" \/>\n<meta property=\"og:type\" content=\"article\" \/>\n<meta property=\"og:title\" content=\"Obres d&#039;art - Fundaci\u00f3n Uriach\" \/>\n<meta property=\"og:url\" content=\"https:\/\/www.fu1838.org\/ca\/obres-dart\/\" \/>\n<meta property=\"og:site_name\" content=\"Fundaci\u00f3n Uriach\" \/>\n<meta property=\"article:modified_time\" content=\"2025-03-03T15:28:27+00:00\" \/>\n<meta property=\"og:image\" content=\"https:\/\/www.fu1838.org\/wp-content\/uploads\/2024\/11\/header-obras-de-arte.jpg?v=1734961451\" \/>\n\t<meta property=\"og:image:width\" content=\"1400\" \/>\n\t<meta property=\"og:image:height\" content=\"440\" \/>\n\t<meta property=\"og:image:type\" content=\"image\/jpeg\" \/>\n<meta name=\"twitter:card\" content=\"summary_large_image\" \/>\n<script type=\"application\/ld+json\" class=\"yoast-schema-graph\">{\"@context\":\"https:\/\/schema.org\",\"@graph\":[{\"@type\":\"WebPage\",\"@id\":\"https:\/\/www.fu1838.org\/ca\/obres-dart\/\",\"url\":\"https:\/\/www.fu1838.org\/ca\/obres-dart\/\",\"name\":\"Obres d'art - Fundaci\u00f3n Uriach\",\"isPartOf\":{\"@id\":\"https:\/\/www.fu1838.org\/ca\/#website\"},\"primaryImageOfPage\":{\"@id\":\"https:\/\/www.fu1838.org\/ca\/obres-dart\/#primaryimage\"},\"image\":{\"@id\":\"https:\/\/www.fu1838.org\/ca\/obres-dart\/#primaryimage\"},\"thumbnailUrl\":\"https:\/\/www.fu1838.org\/wp-content\/uploads\/2024\/11\/header-obras-de-arte.jpg\",\"datePublished\":\"2024-11-19T12:13:55+00:00\",\"dateModified\":\"2025-03-03T15:28:27+00:00\",\"breadcrumb\":{\"@id\":\"https:\/\/www.fu1838.org\/ca\/obres-dart\/#breadcrumb\"},\"inLanguage\":\"ca\",\"potentialAction\":[{\"@type\":\"ReadAction\",\"target\":[\"https:\/\/www.fu1838.org\/ca\/obres-dart\/\"]}]},{\"@type\":\"ImageObject\",\"inLanguage\":\"ca\",\"@id\":\"https:\/\/www.fu1838.org\/ca\/obres-dart\/#primaryimage\",\"url\":\"https:\/\/www.fu1838.org\/wp-content\/uploads\/2024\/11\/header-obras-de-arte.jpg\",\"contentUrl\":\"https:\/\/www.fu1838.org\/wp-content\/uploads\/2024\/11\/header-obras-de-arte.jpg\"},{\"@type\":\"BreadcrumbList\",\"@id\":\"https:\/\/www.fu1838.org\/ca\/obres-dart\/#breadcrumb\",\"itemListElement\":[{\"@type\":\"ListItem\",\"position\":1,\"name\":\"Portada\",\"item\":\"https:\/\/www.fu1838.org\/ca\/\"},{\"@type\":\"ListItem\",\"position\":2,\"name\":\"Obres d&#8217;art\"}]},{\"@type\":\"WebSite\",\"@id\":\"https:\/\/www.fu1838.org\/ca\/#website\",\"url\":\"https:\/\/www.fu1838.org\/ca\/\",\"name\":\"Fundaci\u00f3n Uriach\",\"description\":\"\",\"potentialAction\":[{\"@type\":\"SearchAction\",\"target\":{\"@type\":\"EntryPoint\",\"urlTemplate\":\"https:\/\/www.fu1838.org\/ca\/?s={search_term_string}\"},\"query-input\":{\"@type\":\"PropertyValueSpecification\",\"valueRequired\":true,\"valueName\":\"search_term_string\"}}],\"inLanguage\":\"ca\"}]}<\/script>\n<!-- \/ Yoast SEO plugin. -->","yoast_head_json":{"title":"Obres d'art - Fundaci\u00f3n Uriach","robots":{"index":"index","follow":"follow","max-snippet":"max-snippet:-1","max-image-preview":"max-image-preview:large","max-video-preview":"max-video-preview:-1"},"canonical":"https:\/\/www.fu1838.org\/ca\/obres-dart\/","next":"https:\/\/www.fu1838.org\/ca\/obres-dart\/ca\/wp-json\/wp\/v2\/pages\/7054?query-1-page=2","og_locale":"ca_ES","og_type":"article","og_title":"Obres d'art - Fundaci\u00f3n Uriach","og_url":"https:\/\/www.fu1838.org\/ca\/obres-dart\/","og_site_name":"Fundaci\u00f3n Uriach","article_modified_time":"2025-03-03T15:28:27+00:00","og_image":[{"width":1400,"height":440,"url":"https:\/\/www.fu1838.org\/wp-content\/uploads\/2024\/11\/header-obras-de-arte.jpg?v=1734961451","type":"image\/jpeg"}],"twitter_card":"summary_large_image","schema":{"@context":"https:\/\/schema.org","@graph":[{"@type":"WebPage","@id":"https:\/\/www.fu1838.org\/ca\/obres-dart\/","url":"https:\/\/www.fu1838.org\/ca\/obres-dart\/","name":"Obres d'art - Fundaci\u00f3n Uriach","isPartOf":{"@id":"https:\/\/www.fu1838.org\/ca\/#website"},"primaryImageOfPage":{"@id":"https:\/\/www.fu1838.org\/ca\/obres-dart\/#primaryimage"},"image":{"@id":"https:\/\/www.fu1838.org\/ca\/obres-dart\/#primaryimage"},"thumbnailUrl":"https:\/\/www.fu1838.org\/wp-content\/uploads\/2024\/11\/header-obras-de-arte.jpg","datePublished":"2024-11-19T12:13:55+00:00","dateModified":"2025-03-03T15:28:27+00:00","breadcrumb":{"@id":"https:\/\/www.fu1838.org\/ca\/obres-dart\/#breadcrumb"},"inLanguage":"ca","potentialAction":[{"@type":"ReadAction","target":["https:\/\/www.fu1838.org\/ca\/obres-dart\/"]}]},{"@type":"ImageObject","inLanguage":"ca","@id":"https:\/\/www.fu1838.org\/ca\/obres-dart\/#primaryimage","url":"https:\/\/www.fu1838.org\/wp-content\/uploads\/2024\/11\/header-obras-de-arte.jpg","contentUrl":"https:\/\/www.fu1838.org\/wp-content\/uploads\/2024\/11\/header-obras-de-arte.jpg"},{"@type":"BreadcrumbList","@id":"https:\/\/www.fu1838.org\/ca\/obres-dart\/#breadcrumb","itemListElement":[{"@type":"ListItem","position":1,"name":"Portada","item":"https:\/\/www.fu1838.org\/ca\/"},{"@type":"ListItem","position":2,"name":"Obres d&#8217;art"}]},{"@type":"WebSite","@id":"https:\/\/www.fu1838.org\/ca\/#website","url":"https:\/\/www.fu1838.org\/ca\/","name":"Fundaci\u00f3n Uriach","description":"","potentialAction":[{"@type":"SearchAction","target":{"@type":"EntryPoint","urlTemplate":"https:\/\/www.fu1838.org\/ca\/?s={search_term_string}"},"query-input":{"@type":"PropertyValueSpecification","valueRequired":true,"valueName":"search_term_string"}}],"inLanguage":"ca"}]}},"_links":{"self":[{"href":"https:\/\/www.fu1838.org\/ca\/wp-json\/wp\/v2\/pages\/7054","targetHints":{"allow":["GET"]}}],"collection":[{"href":"https:\/\/www.fu1838.org\/ca\/wp-json\/wp\/v2\/pages"}],"about":[{"href":"https:\/\/www.fu1838.org\/ca\/wp-json\/wp\/v2\/types\/page"}],"author":[{"embeddable":true,"href":"https:\/\/www.fu1838.org\/ca\/wp-json\/wp\/v2\/users\/1"}],"replies":[{"embeddable":true,"href":"https:\/\/www.fu1838.org\/ca\/wp-json\/wp\/v2\/comments?post=7054"}],"version-history":[{"count":1,"href":"https:\/\/www.fu1838.org\/ca\/wp-json\/wp\/v2\/pages\/7054\/revisions"}],"predecessor-version":[{"id":7055,"href":"https:\/\/www.fu1838.org\/ca\/wp-json\/wp\/v2\/pages\/7054\/revisions\/7055"}],"wp:attachment":[{"href":"https:\/\/www.fu1838.org\/ca\/wp-json\/wp\/v2\/media?parent=7054"}],"curies":[{"name":"wp","href":"https:\/\/api.w.org\/{rel}","templated":true}]}}