{"id":7231,"date":"2024-11-07T13:11:52","date_gmt":"2024-11-07T12:11:52","guid":{"rendered":"https:\/\/www.fu1838.org\/politica-de-privacitat\/"},"modified":"2025-03-11T16:47:21","modified_gmt":"2025-03-11T15:47:21","slug":"politica-de-privacitat","status":"publish","type":"page","link":"https:\/\/www.fu1838.org\/ca\/politica-de-privacitat\/","title":{"rendered":"Pol\u00edtica de privacitat"},"content":{"rendered":"\n<h2 class=\"wp-block-heading\">Pol\u00edtica de privacitat<\/h2>\n\n<p><strong>1.Introducci\u00f3<\/strong><\/p>\n\n<p>El dret a la intimitat, i en concret el dret a la protecci\u00f3 de dades personals, \u00e9s un dels valors de la FUNDACI\u00d3 URIACH 1838 (d&#8217;ara endavant, la FUNDACI\u00d3).<\/p>\n\n<p>L&#8217;objectiu d&#8217;aquesta pol\u00edtica \u00e9s explicar-li com la FUNDACI\u00d3 tractar\u00e0 aquelles dades personals que puguin ser recollides a trav\u00e9s dels diferents formularis que es trobin a les p\u00e0gines web de la FUNDACI\u00d3. Les seves dades personals seran tractades de manera confidencial i nom\u00e9s per a aquelles finalitats que vost\u00e8 hagi consentit, tal com s&#8217;explica a continuaci\u00f3 en la present Pol\u00edtica General de Privacitat i en cadascuna de les Pol\u00edtiques de Privacitat dels diferents formularis.<\/p>\n\n<p><strong>2. <\/strong><strong>Comprom\u00eds amb la privacitat<\/strong><\/p>\n\n<p>La FUNDACI\u00d3 est\u00e0 plenament compromesa amb el compliment de la normativa i el Reglament General de Protecci\u00f3 de Dades de la Uni\u00f3 Europea, aix\u00ed com amb la normativa vigent en mat\u00e8ria de protecci\u00f3 de dades de car\u00e0cter personal, essent un objectiu prioritari per a la FUNDACI\u00d3.<\/p>\n\n<p>Per aix\u00f2, la FUNDACI\u00d3 ha pres la determinaci\u00f3 d&#8217;implementar els principis seg\u00fcents, essent la privacitat la base sobre la qual es configuren tots els tractaments:<\/p>\n\n<ul class=\"wp-block-list\">\n<li>La transpar\u00e8ncia en el tractament de dades \u00e9s una de les nostres prioritats, per la qual cosa sempre que captem dades personals sobre vost\u00e8, l&#8217;informarem degudament a la pol\u00edtica de privacitat corresponent sobre les finalitats d&#8217;aquest tractament.<\/li>\n\n\n\n<li>Sempre tractarem nom\u00e9s les dades estrictament necess\u00e0ries per dur a terme el tractament informat.<\/li>\n\n\n\n<li>Mai l\u2019obligarem a proporcionar dades personals, tret que siguin realment necess\u00e0ries per prestar-li el servei que ens sol\u00b7liciti.<\/li>\n\n\n\n<li>Sempre que sigui possible, posarem a la seva disposici\u00f3 mitjans senzills per controlar les seves dades personals.<\/li>\n\n\n\n<li>No compartirem dades amb cap tercer, excepte aquells prove\u00efdors que ens prestin un servei, o amb aquells que, pr\u00e8viament, l&#8217;h\u00e0gim informat i ens hagi prestat el seu consentiment.<\/li>\n<\/ul>\n\n<p><strong>3. <\/strong><strong>Finalitats dels tractaments<\/strong><\/p>\n\n<p>La FUNDACI\u00d3 recull les seves dades personals per atendre les seves consultes, preguntes o sol\u00b7licituds realitzades a trav\u00e9s dels canals d&#8217;atenci\u00f3 o comunicaci\u00f3 identificats en cada p\u00e0gina web i per posar-nos en contacte amb vost\u00e8 per resoldre-les.<\/p>\n\n<p>En alguns casos, pot ser necessari el tractament de les seves dades personals per complir obligacions legals o en relaci\u00f3 amb qualsevol relaci\u00f3 contractual que puguem tenir amb vost\u00e8.<\/p>\n\n<p>En altres casos, i sempre que sigui oport\u00fa, li sol\u00b7licitarem el seu consentiment per tractar les seves dades personals.<\/p>\n\n<p><strong>4. Durada del tractament i termini de conservaci\u00f3<\/strong><\/p>\n\n<p>A la FUNDACI\u00d3, ens comprometem a tractar les dades personals mentre realment siguin \u00fatils i ens permetin oferir-li un servei de qualitat. Per aix\u00f2, farem tots els esfor\u00e7os possibles per minimitzar el termini de tractament i conservaci\u00f3 de les dades personals.<\/p>\n\n<p>En qualsevol cas, i encara que ens sol\u00b7liciti l&#8217;eliminaci\u00f3 de les seves dades, podrem conservar-les sota el degut bloqueig, durant el temps necessari per complir amb les nostres obligacions legals i per posar-les a disposici\u00f3 de les Autoritats competents.<\/p>\n\n<p><strong>5. <\/strong><strong>Exercici de drets i reclamacions davant l\u2019AEPD<\/strong><\/p>\n\n<p>Com a conseq\u00fc\u00e8ncia del tractament de les seves dades personals per part de la FUNDACI\u00d3, la legislaci\u00f3 vigent li atorga una s\u00e8rie de drets. A continuaci\u00f3, li oferim una explicaci\u00f3 resumida de cada dret, per facilitar-li el seu exercici:<\/p>\n\n<p><strong>5.1 <\/strong><strong>Dret de limitaci\u00f3 del tractament<\/strong><\/p>\n\n<p>Vost\u00e8 podr\u00e0 sol\u00b7licitar la limitaci\u00f3 del tractament en els casos seg\u00fcents:&#13;\n&#13;\nSi considera que les dades que tenim sobre vost\u00e8 no s\u00f3n correctes o exactes.&#13;\n&#13;\nSi considera que no estem tractant les seves dades de manera l\u00edcita, per\u00f2 prefereix que en limitem el tractament en lloc d\u2019eliminar-les.&#13;\n&#13;\nSi les dades ja no ens s\u00f3n necess\u00e0ries per a la finalitat per la qual es van recollir, per\u00f2 les necessita per interposar reclamacions legals.&#13;\n&#13;\nSi ha exercit el dret d&#8217;oposici\u00f3 a algun tractament i est\u00e0 esperant la nostra resposta.<\/p>\n\n<p><strong>5.2<\/strong> <strong>Dret a la portabilitat de les seves dades:<\/strong><\/p>\n\n<p>Vost\u00e8 t\u00e9 dret a, sempre que sigui t\u00e8cnicament possible i raonable, sol\u00b7licitar que les dades personals que ens hagi proporcionat siguin comunicades a un altre responsable del tractament. Si ens es possible, li facilitarem directament les seves dades a dit altre responsable del tractament, per\u00f2 si no ho fos, els hi facilitarem a vost\u00e8 en un format est\u00e0ndard.<\/p>\n\n<p>Sempre que tractem les seves dades en base al consentiment, podr\u00e0 revocar-lo en qualsevol moment, sense que tingui conseq\u00fc\u00e8ncies per vost\u00e8 mes enll\u00e0 de, segons el dret exercit, no poder prestar-li determinats serveis.<\/p>\n\n<p>El dret d\u2019exercici d\u2019aquests drets es pot fer efectiu dirigint-se a la FUNDACI\u00d3 mitjan\u00e7ant algun dels seg\u00fcents medis, acompanyant c\u00f2pia del seu DNI o document d\u2019identificaci\u00f3 equivalent:&#13;\n&#13;\n(i) Mitjan\u00e7ant correu electr\u00f2nic que haur\u00e0 de dirigir a l\u2019adre\u00e7a fu1838@uriach.com&#13;\n(ii) Correu postal dirigit al DPT, Av. de la Generalitat 163-167, Sant Cugat del Vall\u00e8s 08174 (Barcelona)<\/p>\n\n<p>En cas de que no vulgui exercir un dret en concret, per\u00f2 tingui la necessitat de realitzar una consulta o suggeriment en relaci\u00f3 amb el tractament de les seves dades de car\u00e0cter personal tamb\u00e9 podr\u00e0 dirigir-se a les direccions facilitades per l\u2019exercici dels drets.<\/p>\n\n<p>Tingui en compte que sempre, en tot cas, podr\u00e0 presentar una reclamaci\u00f3 davant l\u2019Autoritat Competent en mat\u00e8ria de protecci\u00f3 de dades si considera que no hem tractat les seves dades de manera l\u00edcita o que no hem at\u00e8s les seves sol\u00b7licituds o drets.<\/p>\n\n<p><strong>6. Confidencialitat i seguretat en el tractament de dadess<\/strong><\/p>\n\n<p>Les seves dades personals s\u00f3n molt importants per a nosaltres, i ens comprometem a tractar-les amb m\u00e0xima confidencialitat i discreci\u00f3, aix\u00ed com a implementar totes les mesures de seguretat que considerem oportunes i raonables.<\/p>\n\n<p>En aquest sentit, la FUNDACI\u00d3 declara i garanteix que ha establert tots els mitjans t\u00e8cnics al seu abast per evitar la p\u00e8rdua, mal \u00fas, alteraci\u00f3, acc\u00e9s no autoritzat i robatori de les dades facilitades pels usuaris.<\/p>\n\n<p><strong>7. <\/strong><strong>Xarxes socials<\/strong><\/p>\n\n<p>Les xarxes socials formen part del dia a dia de molts usuaris d&#8217;Internet, i per ells hems creat diferents perfils de LA FUNDACI\u00d3N en elles.<\/p>\n\n<p>Tots els usuaris tenen la oportunitat de unir-se a les p\u00e0gines o grups que LA FUNDACI\u00d3N tingui a diferents xarxes socials.<\/p>\n\n<p>No obstant aix\u00f2, ha de tenir en compte que, tret que li sol\u00b7licitem les seves dades directament (per exemple, mitjan\u00e7ant accions de marketing, concursos, promocions, o qualsevol altre forma v\u00e0lida), les seves dades pertanyeran a la xarxa social corresponent, per el que li recomanem que llegeixi detingudament le seves condicions de us i pol\u00edtiques de privacitat, aix\u00ed com s\u2019asseguri de configurar les seves prefer\u00e8ncies pel que fa al tractament de dades.<\/p>\n\n<p><strong>8. <\/strong><strong>Transfer\u00e8ncies internacionals<\/strong><\/p>\n\n<p>Per norma general, tractem de mantenir les seves dades a la Uni\u00f3 Europea (UE) o l\u2019Espai Econ\u00f2mic Europeu (EEE).<\/p>\n\n<p>En aquestes situacions, LA FUNDACI\u00d3 garanteix que aplicar\u00e0 totes les mesures i controls per garantir i protegir el tractament de les seves dades personals, com per exemple:<\/p>\n\n<ol style=\"list-style-type:lower-alpha\" class=\"wp-block-list\">\n<li>a. Comunicaci\u00f3 a pa\u00efsos que, tot i no formar part de laUE o el EEE, han estat considerats per la Comissi\u00f3 Europea com pa\u00efsos que disposen d\u2019una normativa de protecci\u00f3 de dades que garanteix un nivell de seguretat similar a l\u2019aplicable a Europa. <\/li>\n\n\n\n<li>b. Cl\u00e0usules Contractuals Tipus de la Comissi\u00f3 Europea: El regulador europeu ha previst que tercers pa\u00efsos no tinguin una normativa de protecci\u00f3 de dades similar a l\u2019aplicable a Europa, per el que ha desenvolupat models de contracte destinats a assegurar que les companyies de pa\u00efsos que no formen part de la UE o el EEE compleixin amb un nivell de protecci\u00f3 similar. LA FUNDACI\u00d3 firmar\u00e0 aquets contractes sempre que no existeixi una alternativa equivalent que garanteixi la protecci\u00f3 de les seves dades personals.<\/li>\n\n\n\n<li>c. Normes corporatives vinculants: son normes que aproven les empreses i que son revisades i aprovades per Autoritats de Control, i que asseguren que l\u2019empresa a qui facilitarem les seves dades compleix, en qualsevol pa\u00eds, amb un nivell de protecci\u00f3 adequat.<\/li>\n\n\n\n<li>d. Certificacions: en determinats casos, l\u2019empresa a la que facilitarem les dades podran comptar amb Certificacions de protecci\u00f3 de dades que garanteixin un correcte us de les seves dades conforme a la normativa vigent. <\/li>\n<\/ol>\n\n<p><strong>9. <\/strong><strong>Contacte amb la FUNDACI\u00d3<\/strong><\/p>\n\n<p>Si t\u00e9 alguna consulta o dubte sobre el tractament de les seves dades personals, pot contactar-nos a trav\u00e9s de:&#13;\n&#13;\n<\/p>\n\n<p>(i) Correu electr\u00f2nic que haur\u00e0 de dirigir a l\u2019adre\u00e7a\u00a0 <a href=\"mailto:fu1838@uriach.com\">fu1838@uriach.com<\/a><\/p>\n\n<p>(ii) Correu postal dirigit al DPT, Av. de la Generalitat 163-167, Sant Cugat del Vall\u00e8s 08174 (Barcelona)<\/p>\n","protected":false},"excerpt":{"rendered":"<p>Pol\u00edtica de privacitat 1.Introducci\u00f3 El dret a la intimitat, i en concret el dret a la protecci\u00f3 de dades personals, \u00e9s un dels valors de la FUNDACI\u00d3 URIACH 1838 (d&#8217;ara endavant, la FUNDACI\u00d3). L&#8217;objectiu d&#8217;aquesta pol\u00edtica \u00e9s explicar-li com la FUNDACI\u00d3 tractar\u00e0 aquelles dades personals que puguin ser recollides a trav\u00e9s dels diferents formularis que [&hellip;]<\/p>\n","protected":false},"author":1,"featured_media":0,"parent":0,"menu_order":0,"comment_status":"closed","ping_status":"open","template":"","meta":{"_acf_changed":false,"footnotes":""},"class_list":["post-7231","page","type-page","status-publish","hentry"],"acf":[],"yoast_head":"<!-- This site is optimized with the Yoast SEO plugin v24.1 - https:\/\/yoast.com\/wordpress\/plugins\/seo\/ -->\n<title>Pol\u00edtica de privacitat - Fundaci\u00f3n Uriach<\/title>\n<meta name=\"robots\" content=\"index, follow, max-snippet:-1, max-image-preview:large, max-video-preview:-1\" \/>\n<link rel=\"canonical\" href=\"https:\/\/www.fu1838.org\/ca\/politica-de-privacitat\/\" \/>\n<meta property=\"og:locale\" content=\"ca_ES\" \/>\n<meta property=\"og:type\" content=\"article\" \/>\n<meta property=\"og:title\" content=\"Pol\u00edtica de privacitat - Fundaci\u00f3n Uriach\" \/>\n<meta property=\"og:description\" content=\"Pol\u00edtica de privacitat 1.Introducci\u00f3 El dret a la intimitat, i en concret el dret a la protecci\u00f3 de dades personals, \u00e9s un dels valors de la FUNDACI\u00d3 URIACH 1838 (d&#8217;ara endavant, la FUNDACI\u00d3). L&#8217;objectiu d&#8217;aquesta pol\u00edtica \u00e9s explicar-li com la FUNDACI\u00d3 tractar\u00e0 aquelles dades personals que puguin ser recollides a trav\u00e9s dels diferents formularis que [&hellip;]\" \/>\n<meta property=\"og:url\" content=\"https:\/\/www.fu1838.org\/ca\/politica-de-privacitat\/\" \/>\n<meta property=\"og:site_name\" content=\"Fundaci\u00f3n Uriach\" \/>\n<meta property=\"article:modified_time\" content=\"2025-03-11T15:47:21+00:00\" \/>\n<meta name=\"twitter:card\" content=\"summary_large_image\" \/>\n<meta name=\"twitter:label1\" content=\"Temps estimat de lectura\" \/>\n\t<meta name=\"twitter:data1\" content=\"7 minuts\" \/>\n<script type=\"application\/ld+json\" class=\"yoast-schema-graph\">{\"@context\":\"https:\/\/schema.org\",\"@graph\":[{\"@type\":\"WebPage\",\"@id\":\"https:\/\/www.fu1838.org\/ca\/politica-de-privacitat\/\",\"url\":\"https:\/\/www.fu1838.org\/ca\/politica-de-privacitat\/\",\"name\":\"Pol\u00edtica de privacitat - Fundaci\u00f3n Uriach\",\"isPartOf\":{\"@id\":\"https:\/\/www.fu1838.org\/ca\/#website\"},\"datePublished\":\"2024-11-07T12:11:52+00:00\",\"dateModified\":\"2025-03-11T15:47:21+00:00\",\"breadcrumb\":{\"@id\":\"https:\/\/www.fu1838.org\/ca\/politica-de-privacitat\/#breadcrumb\"},\"inLanguage\":\"ca\",\"potentialAction\":[{\"@type\":\"ReadAction\",\"target\":[\"https:\/\/www.fu1838.org\/ca\/politica-de-privacitat\/\"]}]},{\"@type\":\"BreadcrumbList\",\"@id\":\"https:\/\/www.fu1838.org\/ca\/politica-de-privacitat\/#breadcrumb\",\"itemListElement\":[{\"@type\":\"ListItem\",\"position\":1,\"name\":\"Portada\",\"item\":\"https:\/\/www.fu1838.org\/ca\/\"},{\"@type\":\"ListItem\",\"position\":2,\"name\":\"Pol\u00edtica de privacitat\"}]},{\"@type\":\"WebSite\",\"@id\":\"https:\/\/www.fu1838.org\/ca\/#website\",\"url\":\"https:\/\/www.fu1838.org\/ca\/\",\"name\":\"Fundaci\u00f3n Uriach\",\"description\":\"\",\"potentialAction\":[{\"@type\":\"SearchAction\",\"target\":{\"@type\":\"EntryPoint\",\"urlTemplate\":\"https:\/\/www.fu1838.org\/ca\/?s={search_term_string}\"},\"query-input\":{\"@type\":\"PropertyValueSpecification\",\"valueRequired\":true,\"valueName\":\"search_term_string\"}}],\"inLanguage\":\"ca\"}]}<\/script>\n<!-- \/ Yoast SEO plugin. -->","yoast_head_json":{"title":"Pol\u00edtica de privacitat - Fundaci\u00f3n Uriach","robots":{"index":"index","follow":"follow","max-snippet":"max-snippet:-1","max-image-preview":"max-image-preview:large","max-video-preview":"max-video-preview:-1"},"canonical":"https:\/\/www.fu1838.org\/ca\/politica-de-privacitat\/","og_locale":"ca_ES","og_type":"article","og_title":"Pol\u00edtica de privacitat - Fundaci\u00f3n Uriach","og_description":"Pol\u00edtica de privacitat 1.Introducci\u00f3 El dret a la intimitat, i en concret el dret a la protecci\u00f3 de dades personals, \u00e9s un dels valors de la FUNDACI\u00d3 URIACH 1838 (d&#8217;ara endavant, la FUNDACI\u00d3). L&#8217;objectiu d&#8217;aquesta pol\u00edtica \u00e9s explicar-li com la FUNDACI\u00d3 tractar\u00e0 aquelles dades personals que puguin ser recollides a trav\u00e9s dels diferents formularis que [&hellip;]","og_url":"https:\/\/www.fu1838.org\/ca\/politica-de-privacitat\/","og_site_name":"Fundaci\u00f3n Uriach","article_modified_time":"2025-03-11T15:47:21+00:00","twitter_card":"summary_large_image","twitter_misc":{"Temps estimat de lectura":"7 minuts"},"schema":{"@context":"https:\/\/schema.org","@graph":[{"@type":"WebPage","@id":"https:\/\/www.fu1838.org\/ca\/politica-de-privacitat\/","url":"https:\/\/www.fu1838.org\/ca\/politica-de-privacitat\/","name":"Pol\u00edtica de privacitat - Fundaci\u00f3n Uriach","isPartOf":{"@id":"https:\/\/www.fu1838.org\/ca\/#website"},"datePublished":"2024-11-07T12:11:52+00:00","dateModified":"2025-03-11T15:47:21+00:00","breadcrumb":{"@id":"https:\/\/www.fu1838.org\/ca\/politica-de-privacitat\/#breadcrumb"},"inLanguage":"ca","potentialAction":[{"@type":"ReadAction","target":["https:\/\/www.fu1838.org\/ca\/politica-de-privacitat\/"]}]},{"@type":"BreadcrumbList","@id":"https:\/\/www.fu1838.org\/ca\/politica-de-privacitat\/#breadcrumb","itemListElement":[{"@type":"ListItem","position":1,"name":"Portada","item":"https:\/\/www.fu1838.org\/ca\/"},{"@type":"ListItem","position":2,"name":"Pol\u00edtica de privacitat"}]},{"@type":"WebSite","@id":"https:\/\/www.fu1838.org\/ca\/#website","url":"https:\/\/www.fu1838.org\/ca\/","name":"Fundaci\u00f3n Uriach","description":"","potentialAction":[{"@type":"SearchAction","target":{"@type":"EntryPoint","urlTemplate":"https:\/\/www.fu1838.org\/ca\/?s={search_term_string}"},"query-input":{"@type":"PropertyValueSpecification","valueRequired":true,"valueName":"search_term_string"}}],"inLanguage":"ca"}]}},"_links":{"self":[{"href":"https:\/\/www.fu1838.org\/ca\/wp-json\/wp\/v2\/pages\/7231","targetHints":{"allow":["GET"]}}],"collection":[{"href":"https:\/\/www.fu1838.org\/ca\/wp-json\/wp\/v2\/pages"}],"about":[{"href":"https:\/\/www.fu1838.org\/ca\/wp-json\/wp\/v2\/types\/page"}],"author":[{"embeddable":true,"href":"https:\/\/www.fu1838.org\/ca\/wp-json\/wp\/v2\/users\/1"}],"replies":[{"embeddable":true,"href":"https:\/\/www.fu1838.org\/ca\/wp-json\/wp\/v2\/comments?post=7231"}],"version-history":[{"count":1,"href":"https:\/\/www.fu1838.org\/ca\/wp-json\/wp\/v2\/pages\/7231\/revisions"}],"predecessor-version":[{"id":7232,"href":"https:\/\/www.fu1838.org\/ca\/wp-json\/wp\/v2\/pages\/7231\/revisions\/7232"}],"wp:attachment":[{"href":"https:\/\/www.fu1838.org\/ca\/wp-json\/wp\/v2\/media?parent=7231"}],"curies":[{"name":"wp","href":"https:\/\/api.w.org\/{rel}","templated":true}]}}