{"id":7233,"date":"2024-12-18T13:48:36","date_gmt":"2024-12-18T12:48:36","guid":{"rendered":"https:\/\/www.fu1838.org\/politica-de-cookies\/"},"modified":"2025-03-11T17:05:16","modified_gmt":"2025-03-11T16:05:16","slug":"politica-de-cookies","status":"publish","type":"page","link":"https:\/\/www.fu1838.org\/ca\/politica-de-cookies\/","title":{"rendered":"Pol\u00edtica de Cookies"},"content":{"rendered":"\n<h2 class=\"wp-block-heading\">Pol\u00edtica de Cookies<\/h2>\n\n<p>S&#8217;adverteix a l&#8217;Usuari que aquesta web utilitza cookies. Les cookies s\u00f3n petits fitxers de text que s&#8217;instal\u00b7len al navegador de l&#8217;ordinador de l&#8217;Usuari per registrar la seva activitat, enviant una identificaci\u00f3 an\u00f2nima que es guarda en el mateix. La seva finalitat \u00e9s facilitar la navegaci\u00f3, permetent, per exemple, l&#8217;acc\u00e9s als Usuaris que s&#8217;hagin registrat pr\u00e8viament i als espais, serveis, promocions o concursos reservats exclusivament per a ells, sense necessitat de registrar-se en cada visita. Tamb\u00e9 poden utilitzar-se per mesurar l&#8217;audi\u00e8ncia, els par\u00e0metres del tr\u00e0nsit i la navegaci\u00f3, el temps de sessi\u00f3 i\/o controlar el progr\u00e9s i el nombre d&#8217;entrades.<\/p>\n\n<p>Les cookies que s\u2019instal\u00b7len en aquest lloc poden ser tant de sessi\u00f3 com persistents, aix\u00ed com pr\u00f2pies o de tercers. Les cookies de sessi\u00f3 s&#8217;eliminen autom\u00e0ticament en tancar el navegador, mentres que les persistents poden romandre instal\u00b7lades durant un per\u00edode determinat. Aix\u00ed mateix, les cookies pr\u00f2pies s\u00f3n aquelles instal\u00b7lades per LA FUNDACI\u00d3, mentres que les de tercers s\u00f3n aquelles instal\u00b7lades per prove\u00efdors de serveis contractats a l\u2019efecte..<\/p>\n\n<p>LA FUNDACI\u00d3 procurar\u00e0 en tot moment establir els mecanismes adequats per obtenir el consentiment de l\u2019Usuari per la instal\u00b7laci\u00f3 de cookies que ho requereixin. No obstant l\u2019anterior, haur\u00e0 de tenir-se en compte que, de conformitat amb la llei, s\u2019entendr\u00e0 que (i) l\u2019Usuari ha donat el seu consentiment si modifica la configuraci\u00f3 del navegador deshabilitant les restriccions que impedeixen l\u2019entrada de cookies i (ii)que el referit consentiment no ser\u00e0 prec\u00eds per la instal\u00b7laci\u00f3 d\u2019aquelles cookies que seguin estrictament necess\u00e0ries per la prestaci\u00f3 d\u2019un servei expressament sol\u00b7licitat per l\u2019Usuari (mitjan\u00e7ant registre previ).<\/p>\n\n<p>A continuaci\u00f3, es detallen els diferents tipus de cookies utilitzades en aquesta web:<\/p>\n\n<h1 class=\"wp-block-heading\">Cookies t\u00e8cniques<\/h1>\n\n<p>Les cookies t\u00e8cniques s\u00f3n imprescindibles per al funcionament de la p\u00e0gina web, com ara gestionar l&#8217;autenticaci\u00f3 o mantenir la sessi\u00f3 d&#8217;un usuari registrat. La desactivaci\u00f3 d\u2019aquestes cookies pot impedir el correcte funcionament d\u2019algunes funcionalitats de la p\u00e0gina.<\/p>\n\n<h1 class=\"wp-block-heading\">Cookies anal\u00edtiques<\/h1>\n\n<p>Les cookies anal\u00edtiques recullen estad\u00edstiques sobre l\u2019activitat de l\u2019usuari i l\u2019\u00fas de la p\u00e0gina web. La informaci\u00f3 recopilada permet optimitzar la navegaci\u00f3 i garantir el millor servei a l\u2019usuari. A m\u00e9s, ajuden a con\u00e8ixer el nombre de p\u00e0gines visitades, el navegador utilitzat, la freq\u00fc\u00e8ncia o reincid\u00e8ncia de les visites, l\u2019idioma escollit, entre d\u2019altres.&#13;\nL\u2019usuari pot, en tot moment, excloure la seva activitat mitjan\u00e7ant els sistemes d\u2019exclusi\u00f3 facilitats per les eines anal\u00edtiques o mitjan\u00e7ant la configuraci\u00f3 del navegador.&#13;\n<\/p>\n\n<p><em>Les aplicacions utilitzades per obtenir aquesta informaci\u00f3 s\u00f3n les seg\u00fcents:<\/em><\/p>\n\n<figure class=\"wp-block-table\"><table class=\"has-fixed-layout\"><tbody><tr><td colspan=\"3\"><strong><em>COOKIES ANAL\u00cdTIQUES<\/em><\/strong><\/td><\/tr><tr><td><strong><em>SERVEI<\/em><\/strong><\/td><td><strong><em>PROVE\u00cfDOR<\/em><\/strong><\/td><td><strong><em>M\u00c9S INFORMACI\u00d3<\/em><\/strong><\/td><\/tr><tr><td><em>Google Analytics<\/em><\/td><td><em>Google<\/em><em><\/em><\/td><td><a href=\"http:\/\/www.google.com\/analytics\"><em>http:\/\/www.google.com\/analytics<\/em><\/a><em><\/em> <em>(1)<\/em><em><\/em><\/td><\/tr><\/tbody><\/table><\/figure>\n\n<p><em>(1) Tingui en compte que les p\u00e0gines web d\u2019aquests prove\u00efdors poden no estar disponibles en cap idioma oficial d\u2019Espanya. Disculpi les mol\u00e8sties.<\/em><\/p>\n\n<p>\u00c9s possible que algunes cookies utilitzades en aquest lloc web no estiguin relacionades amb LA FUNDACI\u00d3N. Aix\u00f2 es deu al fet que algunes p\u00e0gines del lloc web poden contenir contingut incrustat de webs de terceres parts. A causa d\u2019aix\u00f2, LA FUNDACI\u00d3 no controla la configuraci\u00f3 d\u2019aquestes cookies. Si desitja modificar les seves prefer\u00e8ncies sobre la configuraci\u00f3 de les cookies, haur\u00e0 de consultar les pol\u00edtiques de privacitat dels llocs web de terceres parts.<\/p>\n\n<p>Si desitja tenir m\u00e9s control sobre la instal\u00b7laci\u00f3 de cookies, pot instal\u00b7lar programaris o complements al seu navegador, coneguts com a eines de \u201cDo Not Track\u201d, que permeten escollir les cookies que vol permetre.<\/p>\n\n<p>Finalment, li recordem que pot revocar en qualsevol moment el consentiment prestat per a la utilitzaci\u00f3 de cookies per part de LA FUNDACI\u00d3, configurant el seu navegador segons els termes explicats anteriorment.<\/p>\n\n<p><\/p>\n\n<p><\/p>\n","protected":false},"excerpt":{"rendered":"<p>Pol\u00edtica de Cookies S&#8217;adverteix a l&#8217;Usuari que aquesta web utilitza cookies. Les cookies s\u00f3n petits fitxers de text que s&#8217;instal\u00b7len al navegador de l&#8217;ordinador de l&#8217;Usuari per registrar la seva activitat, enviant una identificaci\u00f3 an\u00f2nima que es guarda en el mateix. La seva finalitat \u00e9s facilitar la navegaci\u00f3, permetent, per exemple, l&#8217;acc\u00e9s als Usuaris que [&hellip;]<\/p>\n","protected":false},"author":4,"featured_media":0,"parent":0,"menu_order":0,"comment_status":"closed","ping_status":"closed","template":"","meta":{"_acf_changed":false,"footnotes":""},"class_list":["post-7233","page","type-page","status-publish","hentry"],"acf":[],"yoast_head":"<!-- This site is optimized with the Yoast SEO plugin v24.1 - https:\/\/yoast.com\/wordpress\/plugins\/seo\/ -->\n<title>Pol\u00edtica de Cookies - Fundaci\u00f3n Uriach<\/title>\n<meta name=\"robots\" content=\"index, follow, max-snippet:-1, max-image-preview:large, max-video-preview:-1\" \/>\n<link rel=\"canonical\" href=\"https:\/\/www.fu1838.org\/ca\/politica-de-cookies\/\" \/>\n<meta property=\"og:locale\" content=\"ca_ES\" \/>\n<meta property=\"og:type\" content=\"article\" \/>\n<meta property=\"og:title\" content=\"Pol\u00edtica de Cookies - Fundaci\u00f3n Uriach\" \/>\n<meta property=\"og:description\" content=\"Pol\u00edtica de Cookies S&#8217;adverteix a l&#8217;Usuari que aquesta web utilitza cookies. Les cookies s\u00f3n petits fitxers de text que s&#8217;instal\u00b7len al navegador de l&#8217;ordinador de l&#8217;Usuari per registrar la seva activitat, enviant una identificaci\u00f3 an\u00f2nima que es guarda en el mateix. La seva finalitat \u00e9s facilitar la navegaci\u00f3, permetent, per exemple, l&#8217;acc\u00e9s als Usuaris que [&hellip;]\" \/>\n<meta property=\"og:url\" content=\"https:\/\/www.fu1838.org\/ca\/politica-de-cookies\/\" \/>\n<meta property=\"og:site_name\" content=\"Fundaci\u00f3n Uriach\" \/>\n<meta property=\"article:modified_time\" content=\"2025-03-11T16:05:16+00:00\" \/>\n<meta name=\"twitter:card\" content=\"summary_large_image\" \/>\n<meta name=\"twitter:label1\" content=\"Temps estimat de lectura\" \/>\n\t<meta name=\"twitter:data1\" content=\"3 minuts\" \/>\n<script type=\"application\/ld+json\" class=\"yoast-schema-graph\">{\"@context\":\"https:\/\/schema.org\",\"@graph\":[{\"@type\":\"WebPage\",\"@id\":\"https:\/\/www.fu1838.org\/ca\/politica-de-cookies\/\",\"url\":\"https:\/\/www.fu1838.org\/ca\/politica-de-cookies\/\",\"name\":\"Pol\u00edtica de Cookies - Fundaci\u00f3n Uriach\",\"isPartOf\":{\"@id\":\"https:\/\/www.fu1838.org\/ca\/#website\"},\"datePublished\":\"2024-12-18T12:48:36+00:00\",\"dateModified\":\"2025-03-11T16:05:16+00:00\",\"breadcrumb\":{\"@id\":\"https:\/\/www.fu1838.org\/ca\/politica-de-cookies\/#breadcrumb\"},\"inLanguage\":\"ca\",\"potentialAction\":[{\"@type\":\"ReadAction\",\"target\":[\"https:\/\/www.fu1838.org\/ca\/politica-de-cookies\/\"]}]},{\"@type\":\"BreadcrumbList\",\"@id\":\"https:\/\/www.fu1838.org\/ca\/politica-de-cookies\/#breadcrumb\",\"itemListElement\":[{\"@type\":\"ListItem\",\"position\":1,\"name\":\"Portada\",\"item\":\"https:\/\/www.fu1838.org\/ca\/\"},{\"@type\":\"ListItem\",\"position\":2,\"name\":\"Pol\u00edtica de Cookies\"}]},{\"@type\":\"WebSite\",\"@id\":\"https:\/\/www.fu1838.org\/ca\/#website\",\"url\":\"https:\/\/www.fu1838.org\/ca\/\",\"name\":\"Fundaci\u00f3n Uriach\",\"description\":\"\",\"potentialAction\":[{\"@type\":\"SearchAction\",\"target\":{\"@type\":\"EntryPoint\",\"urlTemplate\":\"https:\/\/www.fu1838.org\/ca\/?s={search_term_string}\"},\"query-input\":{\"@type\":\"PropertyValueSpecification\",\"valueRequired\":true,\"valueName\":\"search_term_string\"}}],\"inLanguage\":\"ca\"}]}<\/script>\n<!-- \/ Yoast SEO plugin. -->","yoast_head_json":{"title":"Pol\u00edtica de Cookies - Fundaci\u00f3n Uriach","robots":{"index":"index","follow":"follow","max-snippet":"max-snippet:-1","max-image-preview":"max-image-preview:large","max-video-preview":"max-video-preview:-1"},"canonical":"https:\/\/www.fu1838.org\/ca\/politica-de-cookies\/","og_locale":"ca_ES","og_type":"article","og_title":"Pol\u00edtica de Cookies - Fundaci\u00f3n Uriach","og_description":"Pol\u00edtica de Cookies S&#8217;adverteix a l&#8217;Usuari que aquesta web utilitza cookies. Les cookies s\u00f3n petits fitxers de text que s&#8217;instal\u00b7len al navegador de l&#8217;ordinador de l&#8217;Usuari per registrar la seva activitat, enviant una identificaci\u00f3 an\u00f2nima que es guarda en el mateix. La seva finalitat \u00e9s facilitar la navegaci\u00f3, permetent, per exemple, l&#8217;acc\u00e9s als Usuaris que [&hellip;]","og_url":"https:\/\/www.fu1838.org\/ca\/politica-de-cookies\/","og_site_name":"Fundaci\u00f3n Uriach","article_modified_time":"2025-03-11T16:05:16+00:00","twitter_card":"summary_large_image","twitter_misc":{"Temps estimat de lectura":"3 minuts"},"schema":{"@context":"https:\/\/schema.org","@graph":[{"@type":"WebPage","@id":"https:\/\/www.fu1838.org\/ca\/politica-de-cookies\/","url":"https:\/\/www.fu1838.org\/ca\/politica-de-cookies\/","name":"Pol\u00edtica de Cookies - Fundaci\u00f3n Uriach","isPartOf":{"@id":"https:\/\/www.fu1838.org\/ca\/#website"},"datePublished":"2024-12-18T12:48:36+00:00","dateModified":"2025-03-11T16:05:16+00:00","breadcrumb":{"@id":"https:\/\/www.fu1838.org\/ca\/politica-de-cookies\/#breadcrumb"},"inLanguage":"ca","potentialAction":[{"@type":"ReadAction","target":["https:\/\/www.fu1838.org\/ca\/politica-de-cookies\/"]}]},{"@type":"BreadcrumbList","@id":"https:\/\/www.fu1838.org\/ca\/politica-de-cookies\/#breadcrumb","itemListElement":[{"@type":"ListItem","position":1,"name":"Portada","item":"https:\/\/www.fu1838.org\/ca\/"},{"@type":"ListItem","position":2,"name":"Pol\u00edtica de Cookies"}]},{"@type":"WebSite","@id":"https:\/\/www.fu1838.org\/ca\/#website","url":"https:\/\/www.fu1838.org\/ca\/","name":"Fundaci\u00f3n Uriach","description":"","potentialAction":[{"@type":"SearchAction","target":{"@type":"EntryPoint","urlTemplate":"https:\/\/www.fu1838.org\/ca\/?s={search_term_string}"},"query-input":{"@type":"PropertyValueSpecification","valueRequired":true,"valueName":"search_term_string"}}],"inLanguage":"ca"}]}},"_links":{"self":[{"href":"https:\/\/www.fu1838.org\/ca\/wp-json\/wp\/v2\/pages\/7233","targetHints":{"allow":["GET"]}}],"collection":[{"href":"https:\/\/www.fu1838.org\/ca\/wp-json\/wp\/v2\/pages"}],"about":[{"href":"https:\/\/www.fu1838.org\/ca\/wp-json\/wp\/v2\/types\/page"}],"author":[{"embeddable":true,"href":"https:\/\/www.fu1838.org\/ca\/wp-json\/wp\/v2\/users\/4"}],"replies":[{"embeddable":true,"href":"https:\/\/www.fu1838.org\/ca\/wp-json\/wp\/v2\/comments?post=7233"}],"version-history":[{"count":1,"href":"https:\/\/www.fu1838.org\/ca\/wp-json\/wp\/v2\/pages\/7233\/revisions"}],"predecessor-version":[{"id":7234,"href":"https:\/\/www.fu1838.org\/ca\/wp-json\/wp\/v2\/pages\/7233\/revisions\/7234"}],"wp:attachment":[{"href":"https:\/\/www.fu1838.org\/ca\/wp-json\/wp\/v2\/media?parent=7233"}],"curies":[{"name":"wp","href":"https:\/\/api.w.org\/{rel}","templated":true}]}}