{"id":7509,"date":"2025-03-27T10:54:36","date_gmt":"2025-03-27T09:54:36","guid":{"rendered":"https:\/\/www.fu1838.org\/activitats-salut-natural\/jornades-de-nutraceutica\/"},"modified":"2025-03-27T11:09:15","modified_gmt":"2025-03-27T10:09:15","slug":"jornades-de-nutraceutica","status":"publish","type":"page","link":"https:\/\/www.fu1838.org\/ca\/activitats-salut-natural\/jornades-de-nutraceutica\/","title":{"rendered":"Jornades de Nutrac\u00e8utica"},"content":{"rendered":"\n<div class=\"wp-block-group alignfull has-global-padding is-layout-constrained wp-block-group-is-layout-constrained\">\n<div class=\"wp-block-cover alignfull is-light uriach-header-block-cover\" style=\"padding-top:0;padding-right:0;padding-bottom:0;padding-left:0\"><span aria-hidden=\"true\" class=\"wp-block-cover__background has-background-dim-0 has-background-dim\" style=\"background-color:#5d819e\"><\/span><img loading=\"lazy\" decoding=\"async\" width=\"1400\" height=\"440\" class=\"wp-block-cover__image-background wp-image-448\" alt=\"\" src=\"https:\/\/www.fu1838.org\/wp-content\/uploads\/2024\/11\/header-actividades-salud-natural.jpg\" data-object-fit=\"cover\" srcset=\"https:\/\/www.fu1838.org\/wp-content\/uploads\/2024\/11\/header-actividades-salud-natural.jpg 1400w, https:\/\/www.fu1838.org\/wp-content\/uploads\/2024\/11\/header-actividades-salud-natural-300x94.jpg 300w, https:\/\/www.fu1838.org\/wp-content\/uploads\/2024\/11\/header-actividades-salud-natural-1024x322.jpg 1024w, https:\/\/www.fu1838.org\/wp-content\/uploads\/2024\/11\/header-actividades-salud-natural-768x241.jpg 768w\" sizes=\"auto, (max-width: 1400px) 100vw, 1400px\" \/><div class=\"wp-block-cover__inner-container has-global-padding is-layout-constrained wp-container-core-cover-is-layout-c06d165c wp-block-cover-is-layout-constrained\">\n<div class=\"wp-block-columns alignfull is-layout-flex wp-container-core-columns-is-layout-28f84493 wp-block-columns-is-layout-flex\">\n<div class=\"wp-block-column has-base-2-color has-text-color has-background has-link-color wp-elements-8126814b63733c8ad549cc42ba44e2fe is-layout-flow wp-block-column-is-layout-flow\" style=\"background-color:#00c405b3;padding-top:var(--wp--preset--spacing--30);padding-right:var(--wp--preset--spacing--20);padding-bottom:var(--wp--preset--spacing--30)\">\n<div class=\"wp-block-group uriach-header-block-cover-content has-global-padding is-layout-constrained wp-block-group-is-layout-constrained\">\n<h1 class=\"wp-block-heading has-base-2-color has-text-color has-link-color wp-elements-6364b87c01828d8adbc66085ca424570\">Jornades de Nutrac\u00e8utica<\/h1>\n\n\n\n<p class=\"has-text-align-left\">La C\u00e0tedra Uriach de Nutrac\u00e8utica organitza les jornades de Compostos Bioactius i Nutrac\u00e8utics. Una trobada cient\u00edfica de divulgaci\u00f3 d&#8217;investigacions d&#8217;avantguarda sobre compostos bioactius, la seva efic\u00e0cia i els mecanismes subjacents als efectes beneficiosos de la salut.<\/p>\n<\/div>\n<\/div>\n\n\n\n<div class=\"wp-block-column is-layout-flow wp-block-column-is-layout-flow\"><\/div>\n<\/div>\n<\/div><\/div>\n<\/div>\n\n<div class=\"wp-block-group alignwide has-global-padding is-layout-constrained wp-block-group-is-layout-constrained\">\n<div class=\"wp-block-query alignwide uriach-block-query is-layout-flow wp-block-query-is-layout-flow\">\n\n\n<div class=\"wp-block-group is-layout-flow wp-block-group-is-layout-flow\" style=\"margin-top:0;margin-bottom:0;padding-top:var(--wp--preset--spacing--50);padding-right:0;padding-bottom:var(--wp--preset--spacing--50);padding-left:0\"><ul class=\"columns-3 alignfull wp-block-post-template is-layout-grid wp-container-core-post-template-is-layout-10753265 wp-block-post-template-is-layout-grid\"><li class=\"wp-block-post post-7515 actividades type-actividades status-publish has-post-thumbnail hentry categorias-actividades-jornades-de-nutraceutica\">\n<figure style=\"aspect-ratio:1; padding-bottom:var(--wp--preset--spacing--10);margin-bottom:0;\" class=\"wp-block-post-featured-image\"><a href=\"https:\/\/www.fu1838.org\/ca\/actividades\/iv-jornades-de-nutraceutica-2025\/\" target=\"_self\"  ><img loading=\"lazy\" decoding=\"async\" width=\"2560\" height=\"2455\" src=\"https:\/\/www.fu1838.org\/wp-content\/uploads\/2025\/03\/Cartell_2025_Web2-1-scaled.jpg\" class=\"attachment-post-thumbnail size-post-thumbnail wp-post-image\" alt=\"IV Jornades de Nutrac\u00e8utica (2025)\" style=\"border-radius:0px;width:100%;height:100%;object-fit:cover;\" srcset=\"https:\/\/www.fu1838.org\/wp-content\/uploads\/2025\/03\/Cartell_2025_Web2-1-scaled.jpg 2560w, https:\/\/www.fu1838.org\/wp-content\/uploads\/2025\/03\/Cartell_2025_Web2-1-300x288.jpg 300w, https:\/\/www.fu1838.org\/wp-content\/uploads\/2025\/03\/Cartell_2025_Web2-1-1024x982.jpg 1024w, https:\/\/www.fu1838.org\/wp-content\/uploads\/2025\/03\/Cartell_2025_Web2-1-768x737.jpg 768w, https:\/\/www.fu1838.org\/wp-content\/uploads\/2025\/03\/Cartell_2025_Web2-1-1536x1473.jpg 1536w, https:\/\/www.fu1838.org\/wp-content\/uploads\/2025\/03\/Cartell_2025_Web2-1-2048x1964.jpg 2048w\" sizes=\"auto, (max-width: 2560px) 100vw, 2560px\" \/><\/a><\/figure>\n\n\n<div class=\"wp-block-group is-vertical is-nowrap is-layout-flex wp-container-core-group-is-layout-f2b4d46f wp-block-group-is-layout-flex\" style=\"margin-top:0;padding-top:0\"><h2 style=\"color:#005ce5;\" class=\"has-link-color wp-elements-b155fae5086022bfef34b88fb95e082b wp-block-post-title has-text-color has-medium-font-size\"><a href=\"https:\/\/www.fu1838.org\/ca\/actividades\/iv-jornades-de-nutraceutica-2025\/\" target=\"_self\" >IV Jornades de Nutrac\u00e8utica (2025)<\/a><\/h2>\n\n<a style=\"color:#005ce5; text-decoration:underline; margin-top:0;margin-bottom:0;\" class=\"wp-elements-f93d1bb5e186abb2cb7ac720fa6c541f wp-block-read-more has-text-color\" href=\"https:\/\/www.fu1838.org\/ca\/actividades\/iv-jornades-de-nutraceutica-2025\/\" target=\"_self\">Ver m\u00e1s<span class=\"screen-reader-text\">: IV Jornades de Nutrac\u00e8utica (2025)<\/span><\/a><\/div>\n\n<\/li><li class=\"wp-block-post post-175201 actividades type-actividades status-publish has-post-thumbnail hentry categorias-actividades-jornades-de-nutraceutica\">\n<figure style=\"aspect-ratio:1; padding-bottom:var(--wp--preset--spacing--10);margin-bottom:0;\" class=\"wp-block-post-featured-image\"><a href=\"https:\/\/www.fu1838.org\/ca\/actividades\/iii-jornades-de-nutraceutica-2024\/\" target=\"_self\"  ><img loading=\"lazy\" decoding=\"async\" width=\"1829\" height=\"2560\" src=\"https:\/\/www.fu1838.org\/wp-content\/uploads\/2024\/03\/Cartell_2024_baixa-qualitat-scaled.jpg\" class=\"attachment-post-thumbnail size-post-thumbnail wp-post-image\" alt=\"III Jornades de Nutrac\u00e8utica (2024)\" style=\"border-radius:0px;width:100%;height:100%;object-fit:cover;\" srcset=\"https:\/\/www.fu1838.org\/wp-content\/uploads\/2024\/03\/Cartell_2024_baixa-qualitat-scaled.jpg 1829w, https:\/\/www.fu1838.org\/wp-content\/uploads\/2024\/03\/Cartell_2024_baixa-qualitat-214x300.jpg 214w, https:\/\/www.fu1838.org\/wp-content\/uploads\/2024\/03\/Cartell_2024_baixa-qualitat-731x1024.jpg 731w, https:\/\/www.fu1838.org\/wp-content\/uploads\/2024\/03\/Cartell_2024_baixa-qualitat-768x1075.jpg 768w, https:\/\/www.fu1838.org\/wp-content\/uploads\/2024\/03\/Cartell_2024_baixa-qualitat-1097x1536.jpg 1097w, https:\/\/www.fu1838.org\/wp-content\/uploads\/2024\/03\/Cartell_2024_baixa-qualitat-1463x2048.jpg 1463w\" sizes=\"auto, (max-width: 1829px) 100vw, 1829px\" \/><\/a><\/figure>\n\n\n<div class=\"wp-block-group is-vertical is-nowrap is-layout-flex wp-container-core-group-is-layout-f2b4d46f wp-block-group-is-layout-flex\" style=\"margin-top:0;padding-top:0\"><h2 style=\"color:#005ce5;\" class=\"has-link-color wp-elements-b155fae5086022bfef34b88fb95e082b wp-block-post-title has-text-color has-medium-font-size\"><a href=\"https:\/\/www.fu1838.org\/ca\/actividades\/iii-jornades-de-nutraceutica-2024\/\" target=\"_self\" >III Jornades de Nutrac\u00e8utica (2024)<\/a><\/h2>\n\n<a style=\"color:#005ce5; text-decoration:underline; margin-top:0;margin-bottom:0;\" class=\"wp-elements-f93d1bb5e186abb2cb7ac720fa6c541f wp-block-read-more has-text-color\" href=\"https:\/\/www.fu1838.org\/ca\/actividades\/iii-jornades-de-nutraceutica-2024\/\" target=\"_self\">Ver m\u00e1s<span class=\"screen-reader-text\">: III Jornades de Nutrac\u00e8utica (2024)<\/span><\/a><\/div>\n\n<\/li><li class=\"wp-block-post post-175202 actividades type-actividades status-publish has-post-thumbnail hentry categorias-actividades-jornades-de-nutraceutica\">\n<figure style=\"aspect-ratio:1; padding-bottom:var(--wp--preset--spacing--10);margin-bottom:0;\" class=\"wp-block-post-featured-image\"><a href=\"https:\/\/www.fu1838.org\/ca\/actividades\/ii-jornades-de-nutraceutica-2023\/\" target=\"_self\"  ><img loading=\"lazy\" decoding=\"async\" width=\"1829\" height=\"2560\" src=\"https:\/\/www.fu1838.org\/wp-content\/uploads\/2025\/03\/II-Jornadas-scaled.jpg\" class=\"attachment-post-thumbnail size-post-thumbnail wp-post-image\" alt=\"II Jornades de Nutrac\u00e8utica (2023)\" style=\"border-radius:0px;width:100%;height:100%;object-fit:cover;\" srcset=\"https:\/\/www.fu1838.org\/wp-content\/uploads\/2025\/03\/II-Jornadas-scaled.jpg 1829w, https:\/\/www.fu1838.org\/wp-content\/uploads\/2025\/03\/II-Jornadas-214x300.jpg 214w, https:\/\/www.fu1838.org\/wp-content\/uploads\/2025\/03\/II-Jornadas-731x1024.jpg 731w, https:\/\/www.fu1838.org\/wp-content\/uploads\/2025\/03\/II-Jornadas-768x1075.jpg 768w, https:\/\/www.fu1838.org\/wp-content\/uploads\/2025\/03\/II-Jornadas-1097x1536.jpg 1097w, https:\/\/www.fu1838.org\/wp-content\/uploads\/2025\/03\/II-Jornadas-1463x2048.jpg 1463w\" sizes=\"auto, (max-width: 1829px) 100vw, 1829px\" \/><\/a><\/figure>\n\n\n<div class=\"wp-block-group is-vertical is-nowrap is-layout-flex wp-container-core-group-is-layout-f2b4d46f wp-block-group-is-layout-flex\" style=\"margin-top:0;padding-top:0\"><h2 style=\"color:#005ce5;\" class=\"has-link-color wp-elements-b155fae5086022bfef34b88fb95e082b wp-block-post-title has-text-color has-medium-font-size\"><a href=\"https:\/\/www.fu1838.org\/ca\/actividades\/ii-jornades-de-nutraceutica-2023\/\" target=\"_self\" >II Jornades de Nutrac\u00e8utica (2023)<\/a><\/h2>\n\n<a style=\"color:#005ce5; text-decoration:underline; margin-top:0;margin-bottom:0;\" class=\"wp-elements-f93d1bb5e186abb2cb7ac720fa6c541f wp-block-read-more has-text-color\" href=\"https:\/\/www.fu1838.org\/ca\/actividades\/ii-jornades-de-nutraceutica-2023\/\" target=\"_self\">Ver m\u00e1s<span class=\"screen-reader-text\">: II Jornades de Nutrac\u00e8utica (2023)<\/span><\/a><\/div>\n\n<\/li><li class=\"wp-block-post post-175203 actividades type-actividades status-publish has-post-thumbnail hentry categorias-actividades-jornades-de-nutraceutica\">\n<figure style=\"aspect-ratio:1; padding-bottom:var(--wp--preset--spacing--10);margin-bottom:0;\" class=\"wp-block-post-featured-image\"><a href=\"https:\/\/www.fu1838.org\/ca\/actividades\/i-jornades-de-nutraceutica-2022\/\" target=\"_self\"  ><img loading=\"lazy\" decoding=\"async\" width=\"2560\" height=\"2455\" src=\"https:\/\/www.fu1838.org\/wp-content\/uploads\/2022\/03\/cartell_web-1-scaled.jpg\" class=\"attachment-post-thumbnail size-post-thumbnail wp-post-image\" alt=\"I Jornades de Nutrac\u00e8utica (2022)\" style=\"border-radius:0px;width:100%;height:100%;object-fit:cover;\" srcset=\"https:\/\/www.fu1838.org\/wp-content\/uploads\/2022\/03\/cartell_web-1-scaled.jpg 2560w, https:\/\/www.fu1838.org\/wp-content\/uploads\/2022\/03\/cartell_web-1-300x288.jpg 300w, https:\/\/www.fu1838.org\/wp-content\/uploads\/2022\/03\/cartell_web-1-1024x982.jpg 1024w, https:\/\/www.fu1838.org\/wp-content\/uploads\/2022\/03\/cartell_web-1-768x737.jpg 768w, https:\/\/www.fu1838.org\/wp-content\/uploads\/2022\/03\/cartell_web-1-1536x1473.jpg 1536w, https:\/\/www.fu1838.org\/wp-content\/uploads\/2022\/03\/cartell_web-1-2048x1964.jpg 2048w\" sizes=\"auto, (max-width: 2560px) 100vw, 2560px\" \/><\/a><\/figure>\n\n\n<div class=\"wp-block-group is-vertical is-nowrap is-layout-flex wp-container-core-group-is-layout-f2b4d46f wp-block-group-is-layout-flex\" style=\"margin-top:0;padding-top:0\"><h2 style=\"color:#005ce5;\" class=\"has-link-color wp-elements-b155fae5086022bfef34b88fb95e082b wp-block-post-title has-text-color has-medium-font-size\"><a href=\"https:\/\/www.fu1838.org\/ca\/actividades\/i-jornades-de-nutraceutica-2022\/\" target=\"_self\" >I Jornades de Nutrac\u00e8utica (2022)<\/a><\/h2>\n\n<a style=\"color:#005ce5; text-decoration:underline; margin-top:0;margin-bottom:0;\" class=\"wp-elements-f93d1bb5e186abb2cb7ac720fa6c541f wp-block-read-more has-text-color\" href=\"https:\/\/www.fu1838.org\/ca\/actividades\/i-jornades-de-nutraceutica-2022\/\" target=\"_self\">Ver m\u00e1s<span class=\"screen-reader-text\">: I Jornades de Nutrac\u00e8utica (2022)<\/span><\/a><\/div>\n\n<\/li><\/ul>\n\n\n<div style=\"margin-top:0;margin-bottom:0;height:var(--wp--preset--spacing--40)\" aria-hidden=\"true\" class=\"wp-block-spacer\"><\/div>\n\n\n<\/div>\n<\/div>\n<\/div>\n","protected":false},"excerpt":{"rendered":"","protected":false},"author":1,"featured_media":0,"parent":7037,"menu_order":0,"comment_status":"closed","ping_status":"closed","template":"","meta":{"_acf_changed":false,"footnotes":""},"class_list":["post-7509","page","type-page","status-publish","hentry"],"acf":[],"yoast_head":"<!-- This site is optimized with the Yoast SEO plugin v24.1 - https:\/\/yoast.com\/wordpress\/plugins\/seo\/ -->\n<title>Jornades de Nutrac\u00e8utica - Fundaci\u00f3n Uriach<\/title>\n<meta name=\"robots\" content=\"index, follow, max-snippet:-1, max-image-preview:large, max-video-preview:-1\" \/>\n<link rel=\"canonical\" href=\"https:\/\/www.fu1838.org\/ca\/activitats-salut-natural\/jornades-de-nutraceutica\/\" \/>\n<meta property=\"og:locale\" content=\"ca_ES\" \/>\n<meta property=\"og:type\" content=\"article\" \/>\n<meta property=\"og:title\" content=\"Jornades de Nutrac\u00e8utica - Fundaci\u00f3n Uriach\" \/>\n<meta property=\"og:url\" content=\"https:\/\/www.fu1838.org\/ca\/activitats-salut-natural\/jornades-de-nutraceutica\/\" \/>\n<meta property=\"og:site_name\" content=\"Fundaci\u00f3n Uriach\" \/>\n<meta property=\"article:modified_time\" content=\"2025-03-27T10:09:15+00:00\" \/>\n<meta property=\"og:image\" content=\"https:\/\/www.fu1838.org\/wp-content\/uploads\/2024\/11\/header-actividades-salud-natural.jpg\" \/>\n\t<meta property=\"og:image:width\" content=\"1400\" \/>\n\t<meta property=\"og:image:height\" content=\"440\" \/>\n\t<meta property=\"og:image:type\" content=\"image\/jpeg\" \/>\n<meta name=\"twitter:card\" content=\"summary_large_image\" \/>\n<script type=\"application\/ld+json\" class=\"yoast-schema-graph\">{\"@context\":\"https:\/\/schema.org\",\"@graph\":[{\"@type\":\"WebPage\",\"@id\":\"https:\/\/www.fu1838.org\/ca\/activitats-salut-natural\/jornades-de-nutraceutica\/\",\"url\":\"https:\/\/www.fu1838.org\/ca\/activitats-salut-natural\/jornades-de-nutraceutica\/\",\"name\":\"Jornades de Nutrac\u00e8utica - Fundaci\u00f3n Uriach\",\"isPartOf\":{\"@id\":\"https:\/\/www.fu1838.org\/ca\/#website\"},\"primaryImageOfPage\":{\"@id\":\"https:\/\/www.fu1838.org\/ca\/activitats-salut-natural\/jornades-de-nutraceutica\/#primaryimage\"},\"image\":{\"@id\":\"https:\/\/www.fu1838.org\/ca\/activitats-salut-natural\/jornades-de-nutraceutica\/#primaryimage\"},\"thumbnailUrl\":\"https:\/\/www.fu1838.org\/wp-content\/uploads\/2024\/11\/header-actividades-salud-natural.jpg\",\"datePublished\":\"2025-03-27T09:54:36+00:00\",\"dateModified\":\"2025-03-27T10:09:15+00:00\",\"breadcrumb\":{\"@id\":\"https:\/\/www.fu1838.org\/ca\/activitats-salut-natural\/jornades-de-nutraceutica\/#breadcrumb\"},\"inLanguage\":\"ca\",\"potentialAction\":[{\"@type\":\"ReadAction\",\"target\":[\"https:\/\/www.fu1838.org\/ca\/activitats-salut-natural\/jornades-de-nutraceutica\/\"]}]},{\"@type\":\"ImageObject\",\"inLanguage\":\"ca\",\"@id\":\"https:\/\/www.fu1838.org\/ca\/activitats-salut-natural\/jornades-de-nutraceutica\/#primaryimage\",\"url\":\"https:\/\/www.fu1838.org\/wp-content\/uploads\/2024\/11\/header-actividades-salud-natural.jpg\",\"contentUrl\":\"https:\/\/www.fu1838.org\/wp-content\/uploads\/2024\/11\/header-actividades-salud-natural.jpg\"},{\"@type\":\"BreadcrumbList\",\"@id\":\"https:\/\/www.fu1838.org\/ca\/activitats-salut-natural\/jornades-de-nutraceutica\/#breadcrumb\",\"itemListElement\":[{\"@type\":\"ListItem\",\"position\":1,\"name\":\"Portada\",\"item\":\"https:\/\/www.fu1838.org\/ca\/\"},{\"@type\":\"ListItem\",\"position\":2,\"name\":\"Activitats Salut Natural\",\"item\":\"https:\/\/www.fu1838.org\/ca\/activitats-salut-natural\/\"},{\"@type\":\"ListItem\",\"position\":3,\"name\":\"Jornades de Nutrac\u00e8utica\"}]},{\"@type\":\"WebSite\",\"@id\":\"https:\/\/www.fu1838.org\/ca\/#website\",\"url\":\"https:\/\/www.fu1838.org\/ca\/\",\"name\":\"Fundaci\u00f3n Uriach\",\"description\":\"\",\"potentialAction\":[{\"@type\":\"SearchAction\",\"target\":{\"@type\":\"EntryPoint\",\"urlTemplate\":\"https:\/\/www.fu1838.org\/ca\/?s={search_term_string}\"},\"query-input\":{\"@type\":\"PropertyValueSpecification\",\"valueRequired\":true,\"valueName\":\"search_term_string\"}}],\"inLanguage\":\"ca\"}]}<\/script>\n<!-- \/ Yoast SEO plugin. -->","yoast_head_json":{"title":"Jornades de Nutrac\u00e8utica - Fundaci\u00f3n Uriach","robots":{"index":"index","follow":"follow","max-snippet":"max-snippet:-1","max-image-preview":"max-image-preview:large","max-video-preview":"max-video-preview:-1"},"canonical":"https:\/\/www.fu1838.org\/ca\/activitats-salut-natural\/jornades-de-nutraceutica\/","og_locale":"ca_ES","og_type":"article","og_title":"Jornades de Nutrac\u00e8utica - Fundaci\u00f3n Uriach","og_url":"https:\/\/www.fu1838.org\/ca\/activitats-salut-natural\/jornades-de-nutraceutica\/","og_site_name":"Fundaci\u00f3n Uriach","article_modified_time":"2025-03-27T10:09:15+00:00","og_image":[{"width":1400,"height":440,"url":"https:\/\/www.fu1838.org\/wp-content\/uploads\/2024\/11\/header-actividades-salud-natural.jpg","type":"image\/jpeg"}],"twitter_card":"summary_large_image","schema":{"@context":"https:\/\/schema.org","@graph":[{"@type":"WebPage","@id":"https:\/\/www.fu1838.org\/ca\/activitats-salut-natural\/jornades-de-nutraceutica\/","url":"https:\/\/www.fu1838.org\/ca\/activitats-salut-natural\/jornades-de-nutraceutica\/","name":"Jornades de Nutrac\u00e8utica - Fundaci\u00f3n Uriach","isPartOf":{"@id":"https:\/\/www.fu1838.org\/ca\/#website"},"primaryImageOfPage":{"@id":"https:\/\/www.fu1838.org\/ca\/activitats-salut-natural\/jornades-de-nutraceutica\/#primaryimage"},"image":{"@id":"https:\/\/www.fu1838.org\/ca\/activitats-salut-natural\/jornades-de-nutraceutica\/#primaryimage"},"thumbnailUrl":"https:\/\/www.fu1838.org\/wp-content\/uploads\/2024\/11\/header-actividades-salud-natural.jpg","datePublished":"2025-03-27T09:54:36+00:00","dateModified":"2025-03-27T10:09:15+00:00","breadcrumb":{"@id":"https:\/\/www.fu1838.org\/ca\/activitats-salut-natural\/jornades-de-nutraceutica\/#breadcrumb"},"inLanguage":"ca","potentialAction":[{"@type":"ReadAction","target":["https:\/\/www.fu1838.org\/ca\/activitats-salut-natural\/jornades-de-nutraceutica\/"]}]},{"@type":"ImageObject","inLanguage":"ca","@id":"https:\/\/www.fu1838.org\/ca\/activitats-salut-natural\/jornades-de-nutraceutica\/#primaryimage","url":"https:\/\/www.fu1838.org\/wp-content\/uploads\/2024\/11\/header-actividades-salud-natural.jpg","contentUrl":"https:\/\/www.fu1838.org\/wp-content\/uploads\/2024\/11\/header-actividades-salud-natural.jpg"},{"@type":"BreadcrumbList","@id":"https:\/\/www.fu1838.org\/ca\/activitats-salut-natural\/jornades-de-nutraceutica\/#breadcrumb","itemListElement":[{"@type":"ListItem","position":1,"name":"Portada","item":"https:\/\/www.fu1838.org\/ca\/"},{"@type":"ListItem","position":2,"name":"Activitats Salut Natural","item":"https:\/\/www.fu1838.org\/ca\/activitats-salut-natural\/"},{"@type":"ListItem","position":3,"name":"Jornades de Nutrac\u00e8utica"}]},{"@type":"WebSite","@id":"https:\/\/www.fu1838.org\/ca\/#website","url":"https:\/\/www.fu1838.org\/ca\/","name":"Fundaci\u00f3n Uriach","description":"","potentialAction":[{"@type":"SearchAction","target":{"@type":"EntryPoint","urlTemplate":"https:\/\/www.fu1838.org\/ca\/?s={search_term_string}"},"query-input":{"@type":"PropertyValueSpecification","valueRequired":true,"valueName":"search_term_string"}}],"inLanguage":"ca"}]}},"_links":{"self":[{"href":"https:\/\/www.fu1838.org\/ca\/wp-json\/wp\/v2\/pages\/7509","targetHints":{"allow":["GET"]}}],"collection":[{"href":"https:\/\/www.fu1838.org\/ca\/wp-json\/wp\/v2\/pages"}],"about":[{"href":"https:\/\/www.fu1838.org\/ca\/wp-json\/wp\/v2\/types\/page"}],"author":[{"embeddable":true,"href":"https:\/\/www.fu1838.org\/ca\/wp-json\/wp\/v2\/users\/1"}],"replies":[{"embeddable":true,"href":"https:\/\/www.fu1838.org\/ca\/wp-json\/wp\/v2\/comments?post=7509"}],"version-history":[{"count":1,"href":"https:\/\/www.fu1838.org\/ca\/wp-json\/wp\/v2\/pages\/7509\/revisions"}],"predecessor-version":[{"id":7510,"href":"https:\/\/www.fu1838.org\/ca\/wp-json\/wp\/v2\/pages\/7509\/revisions\/7510"}],"up":[{"embeddable":true,"href":"https:\/\/www.fu1838.org\/ca\/wp-json\/wp\/v2\/pages\/7037"}],"wp:attachment":[{"href":"https:\/\/www.fu1838.org\/ca\/wp-json\/wp\/v2\/media?parent=7509"}],"curies":[{"name":"wp","href":"https:\/\/api.w.org\/{rel}","templated":true}]}}